{"id":1201,"date":"2019-05-17T11:26:43","date_gmt":"2019-05-17T11:26:43","guid":{"rendered":"https:\/\/tauri.resico.tech\/?page_id=1201"},"modified":"2020-12-11T15:48:26","modified_gmt":"2020-12-11T12:48:26","slug":"vietejie-miesnieki-atver-tiessaistes-internetveikalu","status":"publish","type":"page","link":"https:\/\/negantigardi.lv\/lv\/vietejie-miesnieki-atver-tiessaistes-internetveikalu\/","title":{"rendered":"Viet\u0113jie miesnieki atver tie\u0161saistes internetveikalu."},"content":{"rendered":"\t\t<div data-elementor-type=\"wp-post\" data-elementor-id=\"1201\" class=\"elementor elementor-1201\" data-elementor-post-type=\"page\">\n\t\t\t\t\t\t<section class=\"elementor-section elementor-top-section elementor-element elementor-element-ac194c2 elementor-section-full_width elementor-section-height-min-height elementor-section-content-top elementor-section-height-default elementor-section-items-middle\" data-id=\"ac194c2\" data-element_type=\"section\" data-e-type=\"section\" data-settings=\"{&quot;background_background&quot;:&quot;classic&quot;}\">\n\t\t\t\t\t\t<div class=\"elementor-container elementor-column-gap-no\">\n\t\t\t\t\t<div class=\"elementor-column elementor-col-100 elementor-top-column elementor-element elementor-element-26cf2d1\" data-id=\"26cf2d1\" data-element_type=\"column\" data-e-type=\"column\">\n\t\t\t<div class=\"elementor-widget-wrap elementor-element-populated\">\n\t\t\t\t\t\t\t<\/div>\n\t\t<\/div>\n\t\t\t\t\t<\/div>\n\t\t<\/section>\n\t\t\t\t<section class=\"elementor-section elementor-top-section elementor-element elementor-element-038e7c0 elementor-section-content-top elementor-section-full_width elementor-section-height-default elementor-section-height-default\" data-id=\"038e7c0\" data-element_type=\"section\" data-e-type=\"section\">\n\t\t\t\t\t\t<div class=\"elementor-container elementor-column-gap-wide\">\n\t\t\t\t\t<div class=\"elementor-column elementor-col-100 elementor-top-column elementor-element elementor-element-e80170a\" data-id=\"e80170a\" data-element_type=\"column\" data-e-type=\"column\">\n\t\t\t<div class=\"elementor-widget-wrap elementor-element-populated\">\n\t\t\t\t\t\t<div class=\"elementor-element elementor-element-db909e6 elementor-widget elementor-widget-heading\" data-id=\"db909e6\" data-element_type=\"widget\" data-e-type=\"widget\" data-widget_type=\"heading.default\">\n\t\t\t\t<div class=\"elementor-widget-container\">\n\t\t\t\t\t<h2 class=\"elementor-heading-title elementor-size-default\">Viet\u0113jie miesnieki atver tie\u0161saistes internetveikalu<\/h2>\t\t\t\t<\/div>\n\t\t\t\t<\/div>\n\t\t\t\t<div class=\"elementor-element elementor-element-b71174d elementor-widget elementor-widget-text-editor\" data-id=\"b71174d\" data-element_type=\"widget\" data-e-type=\"widget\" data-widget_type=\"text-editor.default\">\n\t\t\t\t<div class=\"elementor-widget-container\">\n\t\t\t\t\t\t\t\t\t<p class=\"p1\"><span class=\"s1\">Jau sen lielie veikali aizst\u0101ja mammu un papu veikalus pils\u0113t\u0101s un mazpils\u0113t\u0101s vis\u0101 Latvij\u0101. Simtiem mazo uz\u0146\u0113mumu sl\u0113dza, jo valsts m\u0113roga lielveikalu \u0137\u0113des pied\u0101v\u0101ja \u0113rt\u012bbas un zem\u0101kas cenas. Un, kur\u0161 gan nem\u012bl \u0113rt\u012bbas un zem\u0101kas cenas? Bet k\u0101 ir ar kvalit\u0101ti?<\/span><\/p><p class=\"p1\"><span class=\"s1\">Tika zaud\u0113tas ar\u012b zin\u0101\u0161anas. T\u0101 k\u0101 viet\u0113jie p\u0101rtikas veikali, miesnieku bod\u012btes un maizes ceptuves tika sl\u0113gtas, kopienas zaud\u0113ja savus amata meistarus, to pieredzi un gadu gait\u0101 uzkr\u0101t\u0101s zin\u0101\u0161anas. Par laimi, p\u0113d\u0113j\u0101 desmitgad\u0113 ir atdzimu\u0161i nelieli tirgot\u0101ju veikali\u0146i, kas pied\u0101v\u0101 kvalitat\u012bvu produkciju, \u012bpa\u0161i miesnieki (hei, m\u0113s esam neobjekt\u012bvi). \u0112rg\u013cu novad\u0101 m\u0113s atv\u0113r\u0101m veikalu 2016. gad\u0101. Bet ko dara cilv\u0113ki bez \u0161\u012bs piek\u013cuves viet\u0113jiem tirgot\u0101jiem? Tie non\u0101k tie\u0161saist\u0113, kur internets nodro\u0161ina jaunu &#8220;viet\u0113j\u0101s&#8221; kopienas idejas koncepcijas realiz\u0101ciju.<\/span><\/p><p class=\"p1\"><span class=\"s1\">\u0160eit, \u201cNEGANTIgardi.lv\u201d, m\u0113s praktiz\u0113jam ko t\u0101du, kas tiek saukts par senu ga\u013cas izgrie\u0161anas tehniku. \u0160\u012b tehnika mums \u013cauj izol\u0113t atsevi\u0161\u0137us musku\u013cus, kur katram ir sava lielisk\u0101 gar\u0161a un tekst\u016bra. Tas ir viens no ieguvumiem, sadalot visu dz\u012bvnieka karkasu. M\u0113s vienm\u0113r s\u0101kam ar veselu liellopa liemeni, kas \u013cauj mums pied\u0101v\u0101t vair\u0101k griezumu saviem klientiem. T\u0101 m\u0113s varam pied\u0101v\u0101t maz\u0101k paz\u012bstamus griezumus, piem\u0113ram, flank steiku, brisketu un skirt steiku. \u0160ie griezumi parasti ir l\u0113t\u0101ki, nek\u0101 labi zin\u0101mie liellopu ga\u013cas gabali. Ta\u010du tie var b\u016bt ar v\u0113l pies\u0101tin\u0101t\u0101ku gar\u0161u un tos ir \u013coti viegli gatavot. Nav skaidrs, ko lai dara ar picanha? Zino\u0161s miesnieks var jums pal\u012bdz\u0113t, t\u0101d\u0113\u013c viet\u0113jo veikalu atdzim\u0161ana ir tik lielisks ieguvums pat\u0113r\u0113t\u0101jiem.<\/span><\/p>\t\t\t\t\t\t\t\t<\/div>\n\t\t\t\t<\/div>\n\t\t\t\t<div class=\"elementor-element elementor-element-ed095b0 elementor-widget elementor-widget-image\" data-id=\"ed095b0\" data-element_type=\"widget\" data-e-type=\"widget\" data-widget_type=\"image.default\">\n\t\t\t\t<div class=\"elementor-widget-container\">\n\t\t\t\t\t\t\t\t\t\t\t\t\t\t\t<img fetchpriority=\"high\" decoding=\"async\" width=\"1280\" height=\"501\" src=\"https:\/\/negantigardi.lv\/wp-content\/uploads\/2019\/08\/bg29-comp.jpg\" class=\"attachment-full size-full wp-image-2174\" alt=\"\u0160oka sald\u0113\u0161ana_\u0448\u043e\u043a\u043e\u0432\u0430\u044f \u0437\u0430\u043c\u043e\u0440\u043e\u0437\u043a\u0430_shock freezing\" srcset=\"https:\/\/negantigardi.lv\/wp-content\/uploads\/2019\/08\/bg29-comp.jpg 1280w, https:\/\/negantigardi.lv\/wp-content\/uploads\/2019\/08\/bg29-comp-500x196.jpg 500w, https:\/\/negantigardi.lv\/wp-content\/uploads\/2019\/08\/bg29-comp-18x7.jpg 18w, https:\/\/negantigardi.lv\/wp-content\/uploads\/2019\/08\/bg29-comp-300x117.jpg 300w, https:\/\/negantigardi.lv\/wp-content\/uploads\/2019\/08\/bg29-comp-768x301.jpg 768w, https:\/\/negantigardi.lv\/wp-content\/uploads\/2019\/08\/bg29-comp-1024x401.jpg 1024w\" sizes=\"(max-width: 1280px) 100vw, 1280px\" \/>\t\t\t\t\t\t\t\t\t\t\t\t\t\t\t<\/div>\n\t\t\t\t<\/div>\n\t\t\t\t<div class=\"elementor-element elementor-element-35d3898 elementor-widget elementor-widget-text-editor\" data-id=\"35d3898\" data-element_type=\"widget\" data-e-type=\"widget\" data-widget_type=\"text-editor.default\">\n\t\t\t\t<div class=\"elementor-widget-container\">\n\t\t\t\t\t\t\t\t\t<p class=\"p1\"><span class=\"s1\">Arvien vair\u0101k cilv\u0113kiem ir piek\u013cuve augstas kvalit\u0101tes ga\u013cai, iesp\u0113ja veidot attiec\u012bbas ar viet\u0113jiem amatniekiem savos ciemos un pils\u0113t\u0101s, un uzzin\u0101t vair\u0101k par p\u0101rtiku, kuru lieto uztur\u0101 to \u0123imenes. M\u0113s lepojamies ar lomu, k\u0101da mums ir bijusi, lai pie pat\u0113r\u0113t\u0101jiem var\u0113tu non\u0101kt augstas kvalit\u0101tes biolo\u0123isk\u0101 liellopu ga\u013cas produkcija.<\/span><\/p><p class=\"p1\"><span class=\"s1\">Tom\u0113r \u0161ai atdzim\u0161anai ir ar\u012b savas \u0113nas puses. Neliela, ilgtsp\u0113j\u012bga biznesa vad\u012b\u0161ana ir d\u0101rga. Atbild\u012bgi audz\u0113t liellopu un m\u0101jputnu ga\u013cu ir d\u0101rgi, telpu \u012bres maksa pils\u0113t\u0101s ir d\u0101rga, un ar\u012b kvalific\u0113tu darbinieku atalgojums ir d\u0101rgs. Lai gan ir pat\u012bkami un aizraujo\u0161i redz\u0113t, k\u0101 tiek atv\u0113rti viet\u0113jie tirgot\u0101ju veikali\u0146i, diem\u017e\u0113l bie\u017ei vien tie tiek ar\u012b sl\u0113gti. Kad tas notiek, ietekmi visvair\u0101k izj\u016bt tie\u0161i viet\u0113jie iedz\u012bvot\u0101ji.<\/span><\/p><p class=\"p1\"><span class=\"s1\">Ta\u010du internets ir pav\u0113ris pla\u0161\u0101kas uz\u0146\u0113m\u0113jdarb\u012bbas iesp\u0113jas. Ar\u012b lok\u0101cijas zi\u0146\u0101. M\u0113s esam viet\u0113j\u0101s sara\u017eot\u0101s produkcijas idejas atbalst\u012bt\u0101ji. M\u016bsu liellopi tiek audz\u0113ti tikai p\u0101ris kilometru att\u0101lum\u0101 no m\u016bsu veikala un v\u0113l tuv\u0101k atrodas m\u016bsu p\u0101rstr\u0101des cehs. Atverot tie\u0161saistes veikalu internet\u0101, mums ir iesp\u0113ja p\u0101rdot savu biolo\u0123iski audz\u0113to liellopu ga\u013cu visiem Latvijas iedz\u012bvot\u0101jiem, k\u0101 ar\u012b sniegt zin\u0101\u0161anas, ar k\u0101d\u0101m m\u0113s katru dienu sav\u0101 veikal\u0101 dal\u0101mies ar m\u016bsu viet\u0113jiem pirc\u0113jiem.<\/span><\/p><p class=\"p1\"><span class=\"s1\">Non\u0101kot m\u016bsu tie\u0161saistes veikal\u0101, jums\u00a0ne tikai\u00a0b\u016bs piek\u013cuve gard\u0101kajai ga\u013cai, k\u0101du jebkad b\u016bsiet \u0113du\u0161i, bet ar\u012b iesp\u0113ja rast atbildes uz sev interes\u0113jo\u0161iem jaut\u0101jumiem. K\u0101, piem\u0113ram, iepriek\u0161 min\u0113tie da\u017e\u0101die liellopu ga\u013cas griezumi. Uzzin\u0101siet, no kuras dz\u012bvnieka da\u013cas konkr\u0113tais griezums n\u0101k un sa\u0146emsiet padomus, k\u0101 tos p\u0101rv\u0113rst br\u012bni\u0161\u0137\u012bg\u0101 malt\u012bt\u0113.<\/span><\/p><p class=\"p1\"><span class=\"s1\">T\u0101 ir pieredze un zin\u0101\u0161anas, ko J\u016bs varat sagaid\u012bt tikai no viet\u0113j\u0101 miesnieka. \u0160o viet\u0113j\u0101 amata meistara kl\u0101tb\u016btnes saj\u016btu m\u0113s sniedzam visiem Latvijas iedz\u012bvot\u0101jiem. J\u016bs atrodaties tikai da\u017eu klik\u0161\u0137u att\u0101lum\u0101 no\u00a0fantastiskas ga\u013cas produkcijas un\u00a0saisto\u0161as inform\u0101cijas par to.<\/span><\/p><p class=\"p1\"><span class=\"s1\">Lielveikaliem ir pan\u0101kumi, jo tie pied\u0101v\u0101 \u0113rt\u012bbas. J\u016bs atrad\u0101t visu, ko mekl\u0113j\u0101t &#8211; riepas! pid\u017eamas! c\u016bkga\u013cas karbon\u0101des! dezodorantu! Tom\u0113r tas, ko vi\u0146i nesniedz, ir augsta produkcijas kvalit\u0101te un cilv\u0113c\u012bga pieredze. Internets ir p\u0101rvar\u0113jis \u0161o \u0161\u0137\u0113rsli, padarot iepirk\u0161anos tik vieglu, k\u0101 v\u0113l nekad agr\u0101k. Tas j\u016bs saved kop\u0101 ar augstas kvalit\u0101tes produktiem, ko p\u0101rdod zino\u0161i un kaisl\u012bgi cilv\u0113ki, neatkar\u012bgi no t\u0101, kur j\u016bs dz\u012bvojat.<\/span><\/p><p class=\"p1\"><span class=\"s1\">Internets ir satuvin\u0101jis m\u016bs visus, un tas no jauna ir defin\u0113jis kopienas ideju. Vai tu atrodies 40 km att\u0101lum\u0101\u00a0no mums\u00a0Madon\u0101, gribi izm\u0113\u0123in\u0101t ko jaunu R\u012bg\u0101 vai esi kaut kur starp mums \u0112rg\u013cos, \u201cNEGANTIgardi.lv\u201d ir tavs viet\u0113jais miesnieks. Neatkar\u012bgi no atra\u0161an\u0101s vietas.<\/span><\/p>\t\t\t\t\t\t\t\t<\/div>\n\t\t\t\t<\/div>\n\t\t\t\t\t<\/div>\n\t\t<\/div>\n\t\t\t\t\t<\/div>\n\t\t<\/section>\n\t\t\t\t<\/div>\n\t\t","protected":false},"excerpt":{"rendered":"<p>Viet\u0113jie miesnieki atver tie\u0161saistes internetveikalu Jau sen lielie veikali aizst\u0101ja mammu un papu veikalus pils\u0113t\u0101s un mazpils\u0113t\u0101s vis\u0101 Latvij\u0101. Simtiem mazo uz\u0146\u0113mumu sl\u0113dza, jo valsts m\u0113roga lielveikalu \u0137\u0113des pied\u0101v\u0101ja \u0113rt\u012bbas un zem\u0101kas cenas. Un, kur\u0161 gan nem\u012bl \u0113rt\u012bbas un zem\u0101kas cenas? Bet k\u0101 ir ar kvalit\u0101ti? Tika zaud\u0113tas ar\u012b zin\u0101\u0161anas. T\u0101 k\u0101 viet\u0113jie p\u0101rtikas veikali, [&hellip;]<\/p>\n","protected":false},"author":1,"featured_media":0,"parent":0,"menu_order":0,"comment_status":"closed","ping_status":"closed","template":"","meta":{"wprm-recipe-roundup-name":"","wprm-recipe-roundup-description":"","ocean_post_layout":"full-screen","ocean_both_sidebars_style":"","ocean_both_sidebars_content_width":0,"ocean_both_sidebars_sidebars_width":0,"ocean_sidebar":"0","ocean_second_sidebar":"0","ocean_disable_margins":"enable","ocean_add_body_class":"","ocean_shortcode_before_top_bar":"","ocean_shortcode_after_top_bar":"","ocean_shortcode_before_header":"","ocean_shortcode_after_header":"","ocean_has_shortcode":"","ocean_shortcode_after_title":"","ocean_shortcode_before_footer_widgets":"","ocean_shortcode_after_footer_widgets":"","ocean_shortcode_before_footer_bottom":"","ocean_shortcode_after_footer_bottom":"","ocean_display_top_bar":"default","ocean_display_header":"default","ocean_header_style":"","ocean_center_header_left_menu":"0","ocean_custom_header_template":"0","ocean_custom_logo":0,"ocean_custom_retina_logo":0,"ocean_custom_logo_max_width":0,"ocean_custom_logo_tablet_max_width":0,"ocean_custom_logo_mobile_max_width":0,"ocean_custom_logo_max_height":0,"ocean_custom_logo_tablet_max_height":0,"ocean_custom_logo_mobile_max_height":0,"ocean_header_custom_menu":"0","ocean_menu_typo_font_family":"0","ocean_menu_typo_font_subset":"","ocean_menu_typo_font_size":0,"ocean_menu_typo_font_size_tablet":0,"ocean_menu_typo_font_size_mobile":0,"ocean_menu_typo_font_size_unit":"px","ocean_menu_typo_font_weight":"","ocean_menu_typo_font_weight_tablet":"","ocean_menu_typo_font_weight_mobile":"","ocean_menu_typo_transform":"","ocean_menu_typo_transform_tablet":"","ocean_menu_typo_transform_mobile":"","ocean_menu_typo_line_height":0,"ocean_menu_typo_line_height_tablet":0,"ocean_menu_typo_line_height_mobile":0,"ocean_menu_typo_line_height_unit":"","ocean_menu_typo_spacing":0,"ocean_menu_typo_spacing_tablet":0,"ocean_menu_typo_spacing_mobile":0,"ocean_menu_typo_spacing_unit":"","ocean_menu_link_color":"","ocean_menu_link_color_hover":"","ocean_menu_link_color_active":"","ocean_menu_link_background":"","ocean_menu_link_hover_background":"","ocean_menu_link_active_background":"","ocean_menu_social_links_bg":"","ocean_menu_social_hover_links_bg":"","ocean_menu_social_links_color":"","ocean_menu_social_hover_links_color":"","ocean_disable_title":"on","ocean_disable_heading":"default","ocean_post_title":"","ocean_post_subheading":"","ocean_post_title_style":"","ocean_post_title_background_color":"","ocean_post_title_background":0,"ocean_post_title_bg_image_position":"","ocean_post_title_bg_image_attachment":"","ocean_post_title_bg_image_repeat":"","ocean_post_title_bg_image_size":"","ocean_post_title_height":0,"ocean_post_title_bg_overlay":0.5,"ocean_post_title_bg_overlay_color":"","ocean_disable_breadcrumbs":"default","ocean_breadcrumbs_color":"","ocean_breadcrumbs_separator_color":"","ocean_breadcrumbs_links_color":"","ocean_breadcrumbs_links_hover_color":"","ocean_display_footer_widgets":"default","ocean_display_footer_bottom":"default","ocean_custom_footer_template":"0","footnotes":""},"class_list":["post-1201","page","type-page","status-publish","hentry","entry","owp-thumbs-layout-horizontal","owp-btn-normal","owp-tabs-layout-horizontal","has-no-thumbnails","has-product-nav"],"yoast_head":"<!-- This site is optimized with the Yoast SEO plugin v27.5 - https:\/\/yoast.com\/product\/yoast-seo-wordpress\/ -->\n<title>Viet\u0113jie miesnieki atver tie\u0161saistes internetveikalu. - NEGANTIgardi<\/title>\n<meta name=\"robots\" content=\"index, follow, max-snippet:-1, max-image-preview:large, max-video-preview:-1\" \/>\n<link rel=\"canonical\" href=\"https:\/\/negantigardi.lv\/lv\/vietejie-miesnieki-atver-tiessaistes-internetveikalu\/\" \/>\n<meta property=\"og:locale\" content=\"lv_LV\" \/>\n<meta property=\"og:type\" content=\"article\" \/>\n<meta property=\"og:title\" content=\"Viet\u0113jie miesnieki atver tie\u0161saistes internetveikalu. - NEGANTIgardi\" \/>\n<meta property=\"og:description\" content=\"Viet\u0113jie miesnieki atver tie\u0161saistes internetveikalu Jau sen lielie veikali aizst\u0101ja mammu un papu veikalus pils\u0113t\u0101s un mazpils\u0113t\u0101s vis\u0101 Latvij\u0101. Simtiem mazo uz\u0146\u0113mumu sl\u0113dza, jo valsts m\u0113roga lielveikalu \u0137\u0113des pied\u0101v\u0101ja \u0113rt\u012bbas un zem\u0101kas cenas. Un, kur\u0161 gan nem\u012bl \u0113rt\u012bbas un zem\u0101kas cenas? Bet k\u0101 ir ar kvalit\u0101ti? Tika zaud\u0113tas ar\u012b zin\u0101\u0161anas. T\u0101 k\u0101 viet\u0113jie p\u0101rtikas veikali, [&hellip;]\" \/>\n<meta property=\"og:url\" content=\"https:\/\/negantigardi.lv\/lv\/vietejie-miesnieki-atver-tiessaistes-internetveikalu\/\" \/>\n<meta property=\"og:site_name\" content=\"NEGANTIgardi\" \/>\n<meta property=\"article:publisher\" content=\"https:\/\/www.facebook.com\/NEGANTIgardi-112194723538015\" \/>\n<meta property=\"article:modified_time\" content=\"2020-12-11T12:48:26+00:00\" \/>\n<meta property=\"og:image\" content=\"https:\/\/negantigardi.lv\/wp-content\/uploads\/2019\/08\/bg29-comp.jpg\" \/>\n<meta name=\"twitter:card\" content=\"summary_large_image\" \/>\n<meta name=\"twitter:label1\" content=\"Est. reading time\" \/>\n\t<meta name=\"twitter:data1\" content=\"4 min\u016btes\" \/>\n<script type=\"application\/ld+json\" class=\"yoast-schema-graph\">{\"@context\":\"https:\\\/\\\/schema.org\",\"@graph\":[{\"@type\":\"WebPage\",\"@id\":\"https:\\\/\\\/negantigardi.lv\\\/vietejie-miesnieki-atver-tiessaistes-internetveikalu\\\/\",\"url\":\"https:\\\/\\\/negantigardi.lv\\\/vietejie-miesnieki-atver-tiessaistes-internetveikalu\\\/\",\"name\":\"Viet\u0113jie miesnieki atver tie\u0161saistes internetveikalu. - NEGANTIgardi\",\"isPartOf\":{\"@id\":\"https:\\\/\\\/negantigardi.lv\\\/#website\"},\"primaryImageOfPage\":{\"@id\":\"https:\\\/\\\/negantigardi.lv\\\/vietejie-miesnieki-atver-tiessaistes-internetveikalu\\\/#primaryimage\"},\"image\":{\"@id\":\"https:\\\/\\\/negantigardi.lv\\\/vietejie-miesnieki-atver-tiessaistes-internetveikalu\\\/#primaryimage\"},\"thumbnailUrl\":\"https:\\\/\\\/negantigardi.lv\\\/wp-content\\\/uploads\\\/2019\\\/08\\\/bg29-comp.jpg\",\"datePublished\":\"2019-05-17T11:26:43+00:00\",\"dateModified\":\"2020-12-11T12:48:26+00:00\",\"breadcrumb\":{\"@id\":\"https:\\\/\\\/negantigardi.lv\\\/vietejie-miesnieki-atver-tiessaistes-internetveikalu\\\/#breadcrumb\"},\"inLanguage\":\"lv-LV\",\"potentialAction\":[{\"@type\":\"ReadAction\",\"target\":[\"https:\\\/\\\/negantigardi.lv\\\/vietejie-miesnieki-atver-tiessaistes-internetveikalu\\\/\"]}]},{\"@type\":\"ImageObject\",\"inLanguage\":\"lv-LV\",\"@id\":\"https:\\\/\\\/negantigardi.lv\\\/vietejie-miesnieki-atver-tiessaistes-internetveikalu\\\/#primaryimage\",\"url\":\"https:\\\/\\\/negantigardi.lv\\\/wp-content\\\/uploads\\\/2019\\\/08\\\/bg29-comp.jpg\",\"contentUrl\":\"https:\\\/\\\/negantigardi.lv\\\/wp-content\\\/uploads\\\/2019\\\/08\\\/bg29-comp.jpg\"},{\"@type\":\"BreadcrumbList\",\"@id\":\"https:\\\/\\\/negantigardi.lv\\\/vietejie-miesnieki-atver-tiessaistes-internetveikalu\\\/#breadcrumb\",\"itemListElement\":[{\"@type\":\"ListItem\",\"position\":1,\"name\":\"Home\",\"item\":\"https:\\\/\\\/negantigardi.lv\\\/\"},{\"@type\":\"ListItem\",\"position\":2,\"name\":\"Viet\u0113jie miesnieki atver tie\u0161saistes internetveikalu.\"}]},{\"@type\":\"WebSite\",\"@id\":\"https:\\\/\\\/negantigardi.lv\\\/#website\",\"url\":\"https:\\\/\\\/negantigardi.lv\\\/\",\"name\":\"NEGANTIgardi\",\"description\":\"Ga\u013ca, Liellopa ga\u013ca, Biolo\u0123iska liellopa ga\u013ca, liellopa ga\u013ca receptes\",\"publisher\":{\"@id\":\"https:\\\/\\\/negantigardi.lv\\\/#organization\"},\"potentialAction\":[{\"@type\":\"SearchAction\",\"target\":{\"@type\":\"EntryPoint\",\"urlTemplate\":\"https:\\\/\\\/negantigardi.lv\\\/?s={search_term_string}\"},\"query-input\":{\"@type\":\"PropertyValueSpecification\",\"valueRequired\":true,\"valueName\":\"search_term_string\"}}],\"inLanguage\":\"lv-LV\"},{\"@type\":\"Organization\",\"@id\":\"https:\\\/\\\/negantigardi.lv\\\/#organization\",\"name\":\"NEGANTIgardi\",\"url\":\"https:\\\/\\\/negantigardi.lv\\\/\",\"logo\":{\"@type\":\"ImageObject\",\"inLanguage\":\"lv-LV\",\"@id\":\"https:\\\/\\\/negantigardi.lv\\\/#\\\/schema\\\/logo\\\/image\\\/\",\"url\":\"https:\\\/\\\/negantigardi.lv\\\/wp-content\\\/uploads\\\/2021\\\/01\\\/bilde-3.jpg\",\"contentUrl\":\"https:\\\/\\\/negantigardi.lv\\\/wp-content\\\/uploads\\\/2021\\\/01\\\/bilde-3.jpg\",\"width\":362,\"height\":362,\"caption\":\"NEGANTIgardi\"},\"image\":{\"@id\":\"https:\\\/\\\/negantigardi.lv\\\/#\\\/schema\\\/logo\\\/image\\\/\"},\"sameAs\":[\"https:\\\/\\\/www.facebook.com\\\/NEGANTIgardi-112194723538015\",\"https:\\\/\\\/www.instagram.com\\\/negantigardi\\\/\"]}]}<\/script>\n<!-- \/ Yoast SEO plugin. -->","yoast_head_json":{"title":"Viet\u0113jie miesnieki atver tie\u0161saistes internetveikalu. - NEGANTIgardi","robots":{"index":"index","follow":"follow","max-snippet":"max-snippet:-1","max-image-preview":"max-image-preview:large","max-video-preview":"max-video-preview:-1"},"canonical":"https:\/\/negantigardi.lv\/lv\/vietejie-miesnieki-atver-tiessaistes-internetveikalu\/","og_locale":"lv_LV","og_type":"article","og_title":"Viet\u0113jie miesnieki atver tie\u0161saistes internetveikalu. - NEGANTIgardi","og_description":"Viet\u0113jie miesnieki atver tie\u0161saistes internetveikalu Jau sen lielie veikali aizst\u0101ja mammu un papu veikalus pils\u0113t\u0101s un mazpils\u0113t\u0101s vis\u0101 Latvij\u0101. Simtiem mazo uz\u0146\u0113mumu sl\u0113dza, jo valsts m\u0113roga lielveikalu \u0137\u0113des pied\u0101v\u0101ja \u0113rt\u012bbas un zem\u0101kas cenas. Un, kur\u0161 gan nem\u012bl \u0113rt\u012bbas un zem\u0101kas cenas? Bet k\u0101 ir ar kvalit\u0101ti? Tika zaud\u0113tas ar\u012b zin\u0101\u0161anas. T\u0101 k\u0101 viet\u0113jie p\u0101rtikas veikali, [&hellip;]","og_url":"https:\/\/negantigardi.lv\/lv\/vietejie-miesnieki-atver-tiessaistes-internetveikalu\/","og_site_name":"NEGANTIgardi","article_publisher":"https:\/\/www.facebook.com\/NEGANTIgardi-112194723538015","article_modified_time":"2020-12-11T12:48:26+00:00","og_image":[{"url":"https:\/\/negantigardi.lv\/wp-content\/uploads\/2019\/08\/bg29-comp.jpg","type":"","width":"","height":""}],"twitter_card":"summary_large_image","twitter_misc":{"Est. reading time":"4 min\u016btes"},"schema":{"@context":"https:\/\/schema.org","@graph":[{"@type":"WebPage","@id":"https:\/\/negantigardi.lv\/vietejie-miesnieki-atver-tiessaistes-internetveikalu\/","url":"https:\/\/negantigardi.lv\/vietejie-miesnieki-atver-tiessaistes-internetveikalu\/","name":"Viet\u0113jie miesnieki atver tie\u0161saistes internetveikalu. - NEGANTIgardi","isPartOf":{"@id":"https:\/\/negantigardi.lv\/#website"},"primaryImageOfPage":{"@id":"https:\/\/negantigardi.lv\/vietejie-miesnieki-atver-tiessaistes-internetveikalu\/#primaryimage"},"image":{"@id":"https:\/\/negantigardi.lv\/vietejie-miesnieki-atver-tiessaistes-internetveikalu\/#primaryimage"},"thumbnailUrl":"https:\/\/negantigardi.lv\/wp-content\/uploads\/2019\/08\/bg29-comp.jpg","datePublished":"2019-05-17T11:26:43+00:00","dateModified":"2020-12-11T12:48:26+00:00","breadcrumb":{"@id":"https:\/\/negantigardi.lv\/vietejie-miesnieki-atver-tiessaistes-internetveikalu\/#breadcrumb"},"inLanguage":"lv-LV","potentialAction":[{"@type":"ReadAction","target":["https:\/\/negantigardi.lv\/vietejie-miesnieki-atver-tiessaistes-internetveikalu\/"]}]},{"@type":"ImageObject","inLanguage":"lv-LV","@id":"https:\/\/negantigardi.lv\/vietejie-miesnieki-atver-tiessaistes-internetveikalu\/#primaryimage","url":"https:\/\/negantigardi.lv\/wp-content\/uploads\/2019\/08\/bg29-comp.jpg","contentUrl":"https:\/\/negantigardi.lv\/wp-content\/uploads\/2019\/08\/bg29-comp.jpg"},{"@type":"BreadcrumbList","@id":"https:\/\/negantigardi.lv\/vietejie-miesnieki-atver-tiessaistes-internetveikalu\/#breadcrumb","itemListElement":[{"@type":"ListItem","position":1,"name":"Home","item":"https:\/\/negantigardi.lv\/"},{"@type":"ListItem","position":2,"name":"Viet\u0113jie miesnieki atver tie\u0161saistes internetveikalu."}]},{"@type":"WebSite","@id":"https:\/\/negantigardi.lv\/#website","url":"https:\/\/negantigardi.lv\/","name":"NEGANTIgardi","description":"Ga\u013ca, Liellopa ga\u013ca, Biolo\u0123iska liellopa ga\u013ca, liellopa ga\u013ca receptes","publisher":{"@id":"https:\/\/negantigardi.lv\/#organization"},"potentialAction":[{"@type":"SearchAction","target":{"@type":"EntryPoint","urlTemplate":"https:\/\/negantigardi.lv\/?s={search_term_string}"},"query-input":{"@type":"PropertyValueSpecification","valueRequired":true,"valueName":"search_term_string"}}],"inLanguage":"lv-LV"},{"@type":"Organization","@id":"https:\/\/negantigardi.lv\/#organization","name":"NEGANTIgardi","url":"https:\/\/negantigardi.lv\/","logo":{"@type":"ImageObject","inLanguage":"lv-LV","@id":"https:\/\/negantigardi.lv\/#\/schema\/logo\/image\/","url":"https:\/\/negantigardi.lv\/wp-content\/uploads\/2021\/01\/bilde-3.jpg","contentUrl":"https:\/\/negantigardi.lv\/wp-content\/uploads\/2021\/01\/bilde-3.jpg","width":362,"height":362,"caption":"NEGANTIgardi"},"image":{"@id":"https:\/\/negantigardi.lv\/#\/schema\/logo\/image\/"},"sameAs":["https:\/\/www.facebook.com\/NEGANTIgardi-112194723538015","https:\/\/www.instagram.com\/negantigardi\/"]}]}},"_links":{"self":[{"href":"https:\/\/negantigardi.lv\/lv\/wp-json\/wp\/v2\/pages\/1201","targetHints":{"allow":["GET"]}}],"collection":[{"href":"https:\/\/negantigardi.lv\/lv\/wp-json\/wp\/v2\/pages"}],"about":[{"href":"https:\/\/negantigardi.lv\/lv\/wp-json\/wp\/v2\/types\/page"}],"author":[{"embeddable":true,"href":"https:\/\/negantigardi.lv\/lv\/wp-json\/wp\/v2\/users\/1"}],"replies":[{"embeddable":true,"href":"https:\/\/negantigardi.lv\/lv\/wp-json\/wp\/v2\/comments?post=1201"}],"version-history":[{"count":0,"href":"https:\/\/negantigardi.lv\/lv\/wp-json\/wp\/v2\/pages\/1201\/revisions"}],"wp:attachment":[{"href":"https:\/\/negantigardi.lv\/lv\/wp-json\/wp\/v2\/media?parent=1201"}],"curies":[{"name":"wp","href":"https:\/\/api.w.org\/{rel}","templated":true}]}}