{"id":20995,"date":"2023-06-29T13:58:02","date_gmt":"2023-06-29T10:58:02","guid":{"rendered":"https:\/\/negantigardi.lv\/?page_id=20995"},"modified":"2023-06-29T13:58:05","modified_gmt":"2023-06-29T10:58:05","slug":"biologiska-partika-un-edienkarte-veseliga-izvele-no-sakuma-lidz-beigam","status":"publish","type":"page","link":"https:\/\/negantigardi.lv\/lv\/biologiska-partika-un-edienkarte-veseliga-izvele-no-sakuma-lidz-beigam\/","title":{"rendered":"Biolo\u0123isk\u0101 p\u0101rtika un \u0113dienkarte \u2014 vesel\u012bga izv\u0113le no s\u0101kuma l\u012bdz beig\u0101m"},"content":{"rendered":"\n<p>P\u0113d\u0113jos gados ir pieaugusi interese un piepras\u012bjums p\u0113c biolo\u0123isk\u0101s p\u0101rtikas, tostarp ga\u013cas. Cilv\u0113ki arvien<br>vair\u0101k ir satraukti par p\u0101rtikas kvalit\u0101ti un dro\u0161\u012bbu, k\u0101 ar\u012b par r\u016bpniecisk\u0101s lauksaimniec\u012bbas praksi vides<br>jaut\u0101jumu d\u0113\u013c. Biolo\u0123isk\u0101 ga\u013ca ir lielisks risin\u0101jums, nodro\u0161inot vair\u0101kas priek\u0161roc\u012bbas gan m\u016bsu vesel\u012bbai,<br>gan plan\u0113tas labkl\u0101j\u012bbai. \u0160aj\u0101 rakst\u0101 parun\u0101sim par to, kas ir biolo\u0123isk\u0101 ga\u013ca, k\u0101das ir t\u0101s priek\u0161roc\u012bbas<br>sal\u012bdzin\u0101jum\u0101 ar konvencion\u0101lo ga\u013cu un k\u0101p\u0113c tai ir pien\u0101cis laiks ie\u0146emt godpilnu vietu j\u016bsu \u0113dienkart\u0113.<\/p>\n\n\n\n<h2 class=\"wp-block-heading\">Biolo\u0123iska ga\u013ca \u2013 kas t\u0101 ir?<\/h2>\n\n\n\n<p>Biolo\u0123isk\u0101 ga\u013ca tiek ieg\u016bta no m\u0101jlopiem, kas tiek audz\u0113ti un kopti saska\u0146\u0101 ar stingriem organisk\u0101s<br>lauksaimniec\u012bbas standartiem. \u0160ie standarti aizliedz sint\u0113tisko pestic\u012bdu, aug\u0161anas hormonu, antibiotiku<br>un \u0123en\u0113tiski modific\u0113to organismu (GMO) izmanto\u0161anu dz\u012bvnieku audz\u0113\u0161an\u0101. Biolo\u0123isko saimniec\u012bbu<br>dz\u012bvnieki tiek baroti ar organisko bar\u012bbu, tiem ir labv\u0113l\u012bgi apst\u0101k\u013ci br\u012bv\u0101m gan\u012bb\u0101m, lai nodro\u0161in\u0101tu<br>pietiekamu kust\u012bbu.<\/p>\n\n\n\n<h3 class=\"wp-block-heading\">Biolo\u0123isk\u0101s ga\u013ca un t\u0101s priek\u0161roc\u012bbas<\/h3>\n\n\n\n<p>Biolo\u0123isk\u0101s ga\u013cas iek\u013cau\u0161ana ikdienas \u0113dienkart\u0113 var sniegt jums noz\u012bm\u012bgus vesel\u012bbas labumus. Pirmk\u0101rt,<br>biolo\u0123isk\u0101 ga\u013ca nesatur antibiotikas, jo organiskaj\u0101 lauksaimniec\u012bb\u0101 \u0161o z\u0101\u013cu izmanto\u0161ana ir stingri<br>aizliegta. Tas izsl\u0113dz risku ieg\u016bt antibiotiku atliekas, kas var veicin\u0101t rezistentu bakt\u0113riju veido\u0161anos.<br>Papildus tam, organisk\u0101 ga\u013ca bie\u017ei ir bag\u0101t\u0101ka ar b\u016btiskiem uzturviel\u0101m, piem\u0113ram, omega-3<br>tauksk\u0101b\u0113m, vitam\u012bnu E un da\u017eiem miner\u0101liem, jo t\u0101s ra\u017eo\u0161an\u0101 dz\u012bvniekiem ir dota iesp\u0113ja dabiski un<br>daudzveid\u012bgi baroties. Organisk\u0101 ga\u013ca ar\u012b ir maz\u0101k pak\u013cauta kait\u012bgu \u0137\u012bmisko atlieku kl\u0101tb\u016btnei, t\u0101d\u0113j\u0101di<br>padarot to par vesel\u012bg\u0101ku izv\u0113li indiv\u012bdiem un \u0123imen\u0113m.<\/p>\n\n\n\n<h3 class=\"wp-block-heading\">Biolo\u0123iska ga\u013ca un t\u0101s ietekme uz vidi<\/h3>\n\n\n\n<p>Viens no p\u0101rliecino\u0161\u0101kajiem iemesliem izv\u0113l\u0113ties organisko ga\u013cu ir t\u0101s pozit\u012bvais ietekme uz vidi.<br>Organisk\u0101s lauksaimniec\u012bbas prakses priorit\u0101te ir ilgtsp\u0113j\u012bga zemes apsaimnieko\u0161ana, uzsverot dabisk\u0101s<br>m\u0113slo\u0161anas l\u012bdzek\u013cu izmanto\u0161anu un erozijas mazin\u0101\u0161anu. Organisk\u0101 lopkop\u012bba ar\u012b rada maz\u0101kas oglek\u013ca<br>un met\u0101na emisijas sal\u012bdzin\u0101jum\u0101 ar konvencion\u0101lo ra\u017eo\u0161anu. Sint\u0113tisko pestic\u012bdu un \u0123en\u0113tiski<br>modific\u0113tu kult\u016bru izv\u0113les izvair\u012b\u0161an\u0101s pal\u012bdz aizsarg\u0101t biolo\u0123isko daudzveid\u012bbu un uztur\u0113t vesel\u012bgus<br>ekosist\u0113mas. Atbalstot organisko ga\u013cas ra\u017eo\u0161anu, pat\u0113r\u0113t\u0101ji veicina \u016bdens kvalit\u0101tes, augsnes vesel\u012bbas<br>un kop\u0113j\u0101s vides ilgtsp\u0113ju.<\/p>\n\n\n\n<h3 class=\"wp-block-heading\">K\u0101p\u0113c izvel\u0113ties biolo\u0123isko ga\u013cu<\/h3>\n\n\n\n<p>Dz\u012bvnieku labkl\u0101j\u012bba ir pamatprincips organiskaj\u0101 lauksaimniec\u012bb\u0101, kas to at\u0161\u0137ir no konvencion\u0101l\u0101s ga\u013cas<br>ra\u017eo\u0161anas. Organiskie standarti paredz, ka dz\u012bvniekiem j\u0101b\u016bt pietiekam\u0101m telp\u0101m, piek\u013cuvei pie dabas<\/p>\n\n\n\n<p>un iesp\u0113j\u0101m izpaust dabisk\u0101s uzved\u012bbas form\u0101, piem\u0113ram, rakties un baroties. Dz\u012bvnieki nav pak\u013cauti<br>p\u0101rapdz\u012bvo\u0161an\u0101s un stresa izraiso\u0161iem apst\u0101k\u013ciem, kas bie\u017ei sastopami ra\u017eo\u0161anas saimniec\u012bb\u0101s.<br>Izv\u0113loties biolo\u0123isko ga\u013cu, j\u016bs atbalst\u0101t viet\u0113jos lauksaimniekus un ilgtsp\u0113j\u012bgu lauksaimniec\u012bbu, kas<br>veicina videi draudz\u012bgu praksi p\u0101rtikas ra\u017eo\u0161an\u0101.<\/p>\n\n\n\n<h2 class=\"wp-block-heading\">Biolo\u0123iska ga\u013ca un p\u0101rtika \u2013 kur ieg\u0101d\u0101ties?<\/h2>\n\n\n\n<p>Ja esat nol\u0113mis ieg\u0101d\u0101ties biolo\u0123iski audz\u0113tus p\u0101rtikas produktus veikal\u0101, ir j\u0101r\u0113\u0137in\u0101s, ka ne vienm\u0113r<br>pied\u0101v\u0101tais sortiments b\u016bs pietiekami pla\u0161s un atbild\u012bs j\u016bsu v\u0113lm\u0113m, k\u0101 ar\u012b ir \u013coti r\u016bp\u012bgi j\u0101izp\u0113ta p\u0101rtikas<br>iepakojumu eti\u0137etes, lai j\u016bs b\u016btu dro\u0161i, ka izv\u0113l\u0113ta p\u0101rtika tie\u0161\u0101m ir biolo\u0123iskas izcelsmes un j\u016bs netiekat<br>maldin\u0101ti. Ja v\u0113laties ietaup\u012bt savu laiku, tad m\u0113s iesak\u0101m p\u0101rtiku pas\u016bt\u012bt NEGANTIgardi internetveikal\u0101,<br>kas specializ\u0113jas Latvij\u0101 audz\u0113tas biolo\u0123iskas produkcijas tirgo\u0161an\u0101. NEGANTIgardi internetveikal\u0101<br>atrad\u012bsiet Latvij\u0101 audz\u0113tus BIO aug\u013cus un d\u0101rze\u0146us, graudaugu produktus, gar\u0161vielas, biolo\u0123isko medu un<br>lauku z\u0101\u013cu t\u0113jas, svaigu ga\u013cu un svaigas zivis, vistu olas, piena produktus, maizi un konditorejas<br>izstr\u0101d\u0101jumus.<br>Biolo\u0123isk\u0101s saimniec\u012bbas &#8220;NEGANTIgardi&#8221; ga\u013ca ir vienm\u0113r izcilas kvalit\u0101tes \u2013 svaiga, vesel\u012bga un t\u012bra.<br>\u0122imenes uz\u0146\u0113muma galvenais m\u0113r\u0137is ir sniegt klientiem gar\u0161\u012bgu, biolo\u0123isku liellopu ga\u013cu, nodro\u0161inot<br>dz\u012bvniekiem lab\u0101kus dz\u012bves apst\u0101k\u013cus un lauksaimniekiem ilgtsp\u0113j\u012bgu dz\u012bvesveidu. Biolo\u0123isk\u0101s<br>saimniec\u012bbas metodes balst\u0101s uz cie\u0146u pret dz\u012bvniekiem, vidi un pat\u0113r\u0113t\u0101jiem.<br>&#8220;NEGANTIgardi&#8221; stingri kontrol\u0113 visu audz\u0113\u0161anas un ra\u017eo\u0161anas procesu, t\u0101d\u0113j\u0101di garant\u0113jot, ka<br>pied\u0101v\u0101t\u0101 ga\u013ca ir br\u012bva no z\u0101\u013cu atliekviel\u0101m, pestic\u012bdiem, smagajiem met\u0101liem un cit\u0101m kait\u012bg\u0101m viel\u0101m.<br>Ga\u013ca atbilst visaugst\u0101kajiem iesp\u0113jamiem standartiem, kas nodro\u0161ina kvalit\u0101tes un nekait\u012bguma<br>garantiju.<\/p>\n\n\n\n<p><br>S\u0101ciet savu ce\u013cu uz vesel\u012bg\u0101ku dz\u012bvi jau \u0161odien un pas\u016btiet biolo\u0123isku p\u0101rtiku no NEGANTIgardi!<\/p>\n","protected":false},"excerpt":{"rendered":"<p>P\u0113d\u0113jos gados ir pieaugusi interese un piepras\u012bjums p\u0113c biolo\u0123isk\u0101s p\u0101rtikas, tostarp ga\u013cas. Cilv\u0113ki arvienvair\u0101k ir satraukti par p\u0101rtikas kvalit\u0101ti un dro\u0161\u012bbu, k\u0101 ar\u012b par r\u016bpniecisk\u0101s lauksaimniec\u012bbas praksi videsjaut\u0101jumu d\u0113\u013c. Biolo\u0123isk\u0101 ga\u013ca ir lielisks risin\u0101jums, nodro\u0161inot vair\u0101kas priek\u0161roc\u012bbas gan m\u016bsu vesel\u012bbai,gan plan\u0113tas labkl\u0101j\u012bbai. \u0160aj\u0101 rakst\u0101 parun\u0101sim par to, kas ir biolo\u0123isk\u0101 ga\u013ca, k\u0101das ir t\u0101s priek\u0161roc\u012bbassal\u012bdzin\u0101jum\u0101 [&hellip;]<\/p>\n","protected":false},"author":1,"featured_media":19776,"parent":0,"menu_order":0,"comment_status":"closed","ping_status":"closed","template":"","meta":{"wprm-recipe-roundup-name":"","wprm-recipe-roundup-description":"","ocean_post_layout":"","ocean_both_sidebars_style":"","ocean_both_sidebars_content_width":0,"ocean_both_sidebars_sidebars_width":0,"ocean_sidebar":"","ocean_second_sidebar":"","ocean_disable_margins":"enable","ocean_add_body_class":"","ocean_shortcode_before_top_bar":"","ocean_shortcode_after_top_bar":"","ocean_shortcode_before_header":"","ocean_shortcode_after_header":"","ocean_has_shortcode":"","ocean_shortcode_after_title":"","ocean_shortcode_before_footer_widgets":"","ocean_shortcode_after_footer_widgets":"","ocean_shortcode_before_footer_bottom":"","ocean_shortcode_after_footer_bottom":"","ocean_display_top_bar":"default","ocean_display_header":"default","ocean_header_style":"","ocean_center_header_left_menu":"","ocean_custom_header_template":"","ocean_custom_logo":0,"ocean_custom_retina_logo":0,"ocean_custom_logo_max_width":0,"ocean_custom_logo_tablet_max_width":0,"ocean_custom_logo_mobile_max_width":0,"ocean_custom_logo_max_height":0,"ocean_custom_logo_tablet_max_height":0,"ocean_custom_logo_mobile_max_height":0,"ocean_header_custom_menu":"","ocean_menu_typo_font_family":"","ocean_menu_typo_font_subset":"","ocean_menu_typo_font_size":0,"ocean_menu_typo_font_size_tablet":0,"ocean_menu_typo_font_size_mobile":0,"ocean_menu_typo_font_size_unit":"px","ocean_menu_typo_font_weight":"","ocean_menu_typo_font_weight_tablet":"","ocean_menu_typo_font_weight_mobile":"","ocean_menu_typo_transform":"","ocean_menu_typo_transform_tablet":"","ocean_menu_typo_transform_mobile":"","ocean_menu_typo_line_height":0,"ocean_menu_typo_line_height_tablet":0,"ocean_menu_typo_line_height_mobile":0,"ocean_menu_typo_line_height_unit":"","ocean_menu_typo_spacing":0,"ocean_menu_typo_spacing_tablet":0,"ocean_menu_typo_spacing_mobile":0,"ocean_menu_typo_spacing_unit":"","ocean_menu_link_color":"","ocean_menu_link_color_hover":"","ocean_menu_link_color_active":"","ocean_menu_link_background":"","ocean_menu_link_hover_background":"","ocean_menu_link_active_background":"","ocean_menu_social_links_bg":"","ocean_menu_social_hover_links_bg":"","ocean_menu_social_links_color":"","ocean_menu_social_hover_links_color":"","ocean_disable_title":"default","ocean_disable_heading":"default","ocean_post_title":"","ocean_post_subheading":"","ocean_post_title_style":"","ocean_post_title_background_color":"","ocean_post_title_background":0,"ocean_post_title_bg_image_position":"","ocean_post_title_bg_image_attachment":"","ocean_post_title_bg_image_repeat":"","ocean_post_title_bg_image_size":"","ocean_post_title_height":0,"ocean_post_title_bg_overlay":0.5,"ocean_post_title_bg_overlay_color":"","ocean_disable_breadcrumbs":"default","ocean_breadcrumbs_color":"","ocean_breadcrumbs_separator_color":"","ocean_breadcrumbs_links_color":"","ocean_breadcrumbs_links_hover_color":"","ocean_display_footer_widgets":"default","ocean_display_footer_bottom":"default","ocean_custom_footer_template":"","footnotes":""},"class_list":["post-20995","page","type-page","status-publish","has-post-thumbnail","hentry","entry","has-media","owp-thumbs-layout-horizontal","owp-btn-normal","owp-tabs-layout-horizontal","has-no-thumbnails","has-product-nav"],"yoast_head":"<!-- This site is optimized with the Yoast SEO plugin v27.5 - https:\/\/yoast.com\/product\/yoast-seo-wordpress\/ -->\n<title>Biolo\u0123isk\u0101 p\u0101rtika un \u0113dienkarte \u2014 vesel\u012bga izv\u0113le no s\u0101kuma l\u012bdz beig\u0101m - NEGANTIgardi<\/title>\n<meta name=\"robots\" content=\"index, follow, max-snippet:-1, max-image-preview:large, max-video-preview:-1\" \/>\n<link rel=\"canonical\" href=\"https:\/\/negantigardi.lv\/lv\/biologiska-partika-un-edienkarte-veseliga-izvele-no-sakuma-lidz-beigam\/\" \/>\n<meta property=\"og:locale\" content=\"lv_LV\" \/>\n<meta property=\"og:type\" content=\"article\" \/>\n<meta property=\"og:title\" content=\"Biolo\u0123isk\u0101 p\u0101rtika un \u0113dienkarte \u2014 vesel\u012bga izv\u0113le no s\u0101kuma l\u012bdz beig\u0101m - NEGANTIgardi\" \/>\n<meta property=\"og:description\" content=\"P\u0113d\u0113jos gados ir pieaugusi interese un piepras\u012bjums p\u0113c biolo\u0123isk\u0101s p\u0101rtikas, tostarp ga\u013cas. Cilv\u0113ki arvienvair\u0101k ir satraukti par p\u0101rtikas kvalit\u0101ti un dro\u0161\u012bbu, k\u0101 ar\u012b par r\u016bpniecisk\u0101s lauksaimniec\u012bbas praksi videsjaut\u0101jumu d\u0113\u013c. Biolo\u0123isk\u0101 ga\u013ca ir lielisks risin\u0101jums, nodro\u0161inot vair\u0101kas priek\u0161roc\u012bbas gan m\u016bsu vesel\u012bbai,gan plan\u0113tas labkl\u0101j\u012bbai. \u0160aj\u0101 rakst\u0101 parun\u0101sim par to, kas ir biolo\u0123isk\u0101 ga\u013ca, k\u0101das ir t\u0101s priek\u0161roc\u012bbassal\u012bdzin\u0101jum\u0101 [&hellip;]\" \/>\n<meta property=\"og:url\" content=\"https:\/\/negantigardi.lv\/lv\/biologiska-partika-un-edienkarte-veseliga-izvele-no-sakuma-lidz-beigam\/\" \/>\n<meta property=\"og:site_name\" content=\"NEGANTIgardi\" \/>\n<meta property=\"article:publisher\" content=\"https:\/\/www.facebook.com\/NEGANTIgardi-112194723538015\" \/>\n<meta property=\"article:modified_time\" content=\"2023-06-29T10:58:05+00:00\" \/>\n<meta property=\"og:image\" content=\"https:\/\/negantigardi.lv\/wp-content\/uploads\/2022\/08\/298981444_452477530129254_3835448659861839640_n.jpg\" \/>\n\t<meta property=\"og:image:width\" content=\"2000\" \/>\n\t<meta property=\"og:image:height\" content=\"2000\" \/>\n\t<meta property=\"og:image:type\" content=\"image\/jpeg\" \/>\n<meta name=\"twitter:card\" content=\"summary_large_image\" \/>\n<meta name=\"twitter:label1\" content=\"Est. reading time\" \/>\n\t<meta name=\"twitter:data1\" content=\"4 min\u016btes\" \/>\n<script type=\"application\/ld+json\" class=\"yoast-schema-graph\">{\"@context\":\"https:\\\/\\\/schema.org\",\"@graph\":[{\"@type\":\"WebPage\",\"@id\":\"https:\\\/\\\/negantigardi.lv\\\/biologiska-partika-un-edienkarte-veseliga-izvele-no-sakuma-lidz-beigam\\\/\",\"url\":\"https:\\\/\\\/negantigardi.lv\\\/biologiska-partika-un-edienkarte-veseliga-izvele-no-sakuma-lidz-beigam\\\/\",\"name\":\"Biolo\u0123isk\u0101 p\u0101rtika un \u0113dienkarte \u2014 vesel\u012bga izv\u0113le no s\u0101kuma l\u012bdz beig\u0101m - NEGANTIgardi\",\"isPartOf\":{\"@id\":\"https:\\\/\\\/negantigardi.lv\\\/#website\"},\"primaryImageOfPage\":{\"@id\":\"https:\\\/\\\/negantigardi.lv\\\/biologiska-partika-un-edienkarte-veseliga-izvele-no-sakuma-lidz-beigam\\\/#primaryimage\"},\"image\":{\"@id\":\"https:\\\/\\\/negantigardi.lv\\\/biologiska-partika-un-edienkarte-veseliga-izvele-no-sakuma-lidz-beigam\\\/#primaryimage\"},\"thumbnailUrl\":\"https:\\\/\\\/negantigardi.lv\\\/wp-content\\\/uploads\\\/2022\\\/08\\\/298981444_452477530129254_3835448659861839640_n.jpg\",\"datePublished\":\"2023-06-29T10:58:02+00:00\",\"dateModified\":\"2023-06-29T10:58:05+00:00\",\"breadcrumb\":{\"@id\":\"https:\\\/\\\/negantigardi.lv\\\/biologiska-partika-un-edienkarte-veseliga-izvele-no-sakuma-lidz-beigam\\\/#breadcrumb\"},\"inLanguage\":\"lv-LV\",\"potentialAction\":[{\"@type\":\"ReadAction\",\"target\":[\"https:\\\/\\\/negantigardi.lv\\\/biologiska-partika-un-edienkarte-veseliga-izvele-no-sakuma-lidz-beigam\\\/\"]}]},{\"@type\":\"ImageObject\",\"inLanguage\":\"lv-LV\",\"@id\":\"https:\\\/\\\/negantigardi.lv\\\/biologiska-partika-un-edienkarte-veseliga-izvele-no-sakuma-lidz-beigam\\\/#primaryimage\",\"url\":\"https:\\\/\\\/negantigardi.lv\\\/wp-content\\\/uploads\\\/2022\\\/08\\\/298981444_452477530129254_3835448659861839640_n.jpg\",\"contentUrl\":\"https:\\\/\\\/negantigardi.lv\\\/wp-content\\\/uploads\\\/2022\\\/08\\\/298981444_452477530129254_3835448659861839640_n.jpg\",\"width\":2000,\"height\":2000},{\"@type\":\"BreadcrumbList\",\"@id\":\"https:\\\/\\\/negantigardi.lv\\\/biologiska-partika-un-edienkarte-veseliga-izvele-no-sakuma-lidz-beigam\\\/#breadcrumb\",\"itemListElement\":[{\"@type\":\"ListItem\",\"position\":1,\"name\":\"Home\",\"item\":\"https:\\\/\\\/negantigardi.lv\\\/\"},{\"@type\":\"ListItem\",\"position\":2,\"name\":\"Biolo\u0123isk\u0101 p\u0101rtika un \u0113dienkarte \u2014 vesel\u012bga izv\u0113le no s\u0101kuma l\u012bdz beig\u0101m\"}]},{\"@type\":\"WebSite\",\"@id\":\"https:\\\/\\\/negantigardi.lv\\\/#website\",\"url\":\"https:\\\/\\\/negantigardi.lv\\\/\",\"name\":\"NEGANTIgardi\",\"description\":\"Ga\u013ca, Liellopa ga\u013ca, Biolo\u0123iska liellopa ga\u013ca, liellopa ga\u013ca receptes\",\"publisher\":{\"@id\":\"https:\\\/\\\/negantigardi.lv\\\/#organization\"},\"potentialAction\":[{\"@type\":\"SearchAction\",\"target\":{\"@type\":\"EntryPoint\",\"urlTemplate\":\"https:\\\/\\\/negantigardi.lv\\\/?s={search_term_string}\"},\"query-input\":{\"@type\":\"PropertyValueSpecification\",\"valueRequired\":true,\"valueName\":\"search_term_string\"}}],\"inLanguage\":\"lv-LV\"},{\"@type\":\"Organization\",\"@id\":\"https:\\\/\\\/negantigardi.lv\\\/#organization\",\"name\":\"NEGANTIgardi\",\"url\":\"https:\\\/\\\/negantigardi.lv\\\/\",\"logo\":{\"@type\":\"ImageObject\",\"inLanguage\":\"lv-LV\",\"@id\":\"https:\\\/\\\/negantigardi.lv\\\/#\\\/schema\\\/logo\\\/image\\\/\",\"url\":\"https:\\\/\\\/negantigardi.lv\\\/wp-content\\\/uploads\\\/2021\\\/01\\\/bilde-3.jpg\",\"contentUrl\":\"https:\\\/\\\/negantigardi.lv\\\/wp-content\\\/uploads\\\/2021\\\/01\\\/bilde-3.jpg\",\"width\":362,\"height\":362,\"caption\":\"NEGANTIgardi\"},\"image\":{\"@id\":\"https:\\\/\\\/negantigardi.lv\\\/#\\\/schema\\\/logo\\\/image\\\/\"},\"sameAs\":[\"https:\\\/\\\/www.facebook.com\\\/NEGANTIgardi-112194723538015\",\"https:\\\/\\\/www.instagram.com\\\/negantigardi\\\/\"]}]}<\/script>\n<!-- \/ Yoast SEO plugin. -->","yoast_head_json":{"title":"Biolo\u0123isk\u0101 p\u0101rtika un \u0113dienkarte \u2014 vesel\u012bga izv\u0113le no s\u0101kuma l\u012bdz beig\u0101m - NEGANTIgardi","robots":{"index":"index","follow":"follow","max-snippet":"max-snippet:-1","max-image-preview":"max-image-preview:large","max-video-preview":"max-video-preview:-1"},"canonical":"https:\/\/negantigardi.lv\/lv\/biologiska-partika-un-edienkarte-veseliga-izvele-no-sakuma-lidz-beigam\/","og_locale":"lv_LV","og_type":"article","og_title":"Biolo\u0123isk\u0101 p\u0101rtika un \u0113dienkarte \u2014 vesel\u012bga izv\u0113le no s\u0101kuma l\u012bdz beig\u0101m - NEGANTIgardi","og_description":"P\u0113d\u0113jos gados ir pieaugusi interese un piepras\u012bjums p\u0113c biolo\u0123isk\u0101s p\u0101rtikas, tostarp ga\u013cas. Cilv\u0113ki arvienvair\u0101k ir satraukti par p\u0101rtikas kvalit\u0101ti un dro\u0161\u012bbu, k\u0101 ar\u012b par r\u016bpniecisk\u0101s lauksaimniec\u012bbas praksi videsjaut\u0101jumu d\u0113\u013c. Biolo\u0123isk\u0101 ga\u013ca ir lielisks risin\u0101jums, nodro\u0161inot vair\u0101kas priek\u0161roc\u012bbas gan m\u016bsu vesel\u012bbai,gan plan\u0113tas labkl\u0101j\u012bbai. \u0160aj\u0101 rakst\u0101 parun\u0101sim par to, kas ir biolo\u0123isk\u0101 ga\u013ca, k\u0101das ir t\u0101s priek\u0161roc\u012bbassal\u012bdzin\u0101jum\u0101 [&hellip;]","og_url":"https:\/\/negantigardi.lv\/lv\/biologiska-partika-un-edienkarte-veseliga-izvele-no-sakuma-lidz-beigam\/","og_site_name":"NEGANTIgardi","article_publisher":"https:\/\/www.facebook.com\/NEGANTIgardi-112194723538015","article_modified_time":"2023-06-29T10:58:05+00:00","og_image":[{"width":2000,"height":2000,"url":"https:\/\/negantigardi.lv\/wp-content\/uploads\/2022\/08\/298981444_452477530129254_3835448659861839640_n.jpg","type":"image\/jpeg"}],"twitter_card":"summary_large_image","twitter_misc":{"Est. reading time":"4 min\u016btes"},"schema":{"@context":"https:\/\/schema.org","@graph":[{"@type":"WebPage","@id":"https:\/\/negantigardi.lv\/biologiska-partika-un-edienkarte-veseliga-izvele-no-sakuma-lidz-beigam\/","url":"https:\/\/negantigardi.lv\/biologiska-partika-un-edienkarte-veseliga-izvele-no-sakuma-lidz-beigam\/","name":"Biolo\u0123isk\u0101 p\u0101rtika un \u0113dienkarte \u2014 vesel\u012bga izv\u0113le no s\u0101kuma l\u012bdz beig\u0101m - NEGANTIgardi","isPartOf":{"@id":"https:\/\/negantigardi.lv\/#website"},"primaryImageOfPage":{"@id":"https:\/\/negantigardi.lv\/biologiska-partika-un-edienkarte-veseliga-izvele-no-sakuma-lidz-beigam\/#primaryimage"},"image":{"@id":"https:\/\/negantigardi.lv\/biologiska-partika-un-edienkarte-veseliga-izvele-no-sakuma-lidz-beigam\/#primaryimage"},"thumbnailUrl":"https:\/\/negantigardi.lv\/wp-content\/uploads\/2022\/08\/298981444_452477530129254_3835448659861839640_n.jpg","datePublished":"2023-06-29T10:58:02+00:00","dateModified":"2023-06-29T10:58:05+00:00","breadcrumb":{"@id":"https:\/\/negantigardi.lv\/biologiska-partika-un-edienkarte-veseliga-izvele-no-sakuma-lidz-beigam\/#breadcrumb"},"inLanguage":"lv-LV","potentialAction":[{"@type":"ReadAction","target":["https:\/\/negantigardi.lv\/biologiska-partika-un-edienkarte-veseliga-izvele-no-sakuma-lidz-beigam\/"]}]},{"@type":"ImageObject","inLanguage":"lv-LV","@id":"https:\/\/negantigardi.lv\/biologiska-partika-un-edienkarte-veseliga-izvele-no-sakuma-lidz-beigam\/#primaryimage","url":"https:\/\/negantigardi.lv\/wp-content\/uploads\/2022\/08\/298981444_452477530129254_3835448659861839640_n.jpg","contentUrl":"https:\/\/negantigardi.lv\/wp-content\/uploads\/2022\/08\/298981444_452477530129254_3835448659861839640_n.jpg","width":2000,"height":2000},{"@type":"BreadcrumbList","@id":"https:\/\/negantigardi.lv\/biologiska-partika-un-edienkarte-veseliga-izvele-no-sakuma-lidz-beigam\/#breadcrumb","itemListElement":[{"@type":"ListItem","position":1,"name":"Home","item":"https:\/\/negantigardi.lv\/"},{"@type":"ListItem","position":2,"name":"Biolo\u0123isk\u0101 p\u0101rtika un \u0113dienkarte \u2014 vesel\u012bga izv\u0113le no s\u0101kuma l\u012bdz beig\u0101m"}]},{"@type":"WebSite","@id":"https:\/\/negantigardi.lv\/#website","url":"https:\/\/negantigardi.lv\/","name":"NEGANTIgardi","description":"Ga\u013ca, Liellopa ga\u013ca, Biolo\u0123iska liellopa ga\u013ca, liellopa ga\u013ca receptes","publisher":{"@id":"https:\/\/negantigardi.lv\/#organization"},"potentialAction":[{"@type":"SearchAction","target":{"@type":"EntryPoint","urlTemplate":"https:\/\/negantigardi.lv\/?s={search_term_string}"},"query-input":{"@type":"PropertyValueSpecification","valueRequired":true,"valueName":"search_term_string"}}],"inLanguage":"lv-LV"},{"@type":"Organization","@id":"https:\/\/negantigardi.lv\/#organization","name":"NEGANTIgardi","url":"https:\/\/negantigardi.lv\/","logo":{"@type":"ImageObject","inLanguage":"lv-LV","@id":"https:\/\/negantigardi.lv\/#\/schema\/logo\/image\/","url":"https:\/\/negantigardi.lv\/wp-content\/uploads\/2021\/01\/bilde-3.jpg","contentUrl":"https:\/\/negantigardi.lv\/wp-content\/uploads\/2021\/01\/bilde-3.jpg","width":362,"height":362,"caption":"NEGANTIgardi"},"image":{"@id":"https:\/\/negantigardi.lv\/#\/schema\/logo\/image\/"},"sameAs":["https:\/\/www.facebook.com\/NEGANTIgardi-112194723538015","https:\/\/www.instagram.com\/negantigardi\/"]}]}},"_links":{"self":[{"href":"https:\/\/negantigardi.lv\/lv\/wp-json\/wp\/v2\/pages\/20995","targetHints":{"allow":["GET"]}}],"collection":[{"href":"https:\/\/negantigardi.lv\/lv\/wp-json\/wp\/v2\/pages"}],"about":[{"href":"https:\/\/negantigardi.lv\/lv\/wp-json\/wp\/v2\/types\/page"}],"author":[{"embeddable":true,"href":"https:\/\/negantigardi.lv\/lv\/wp-json\/wp\/v2\/users\/1"}],"replies":[{"embeddable":true,"href":"https:\/\/negantigardi.lv\/lv\/wp-json\/wp\/v2\/comments?post=20995"}],"version-history":[{"count":1,"href":"https:\/\/negantigardi.lv\/lv\/wp-json\/wp\/v2\/pages\/20995\/revisions"}],"predecessor-version":[{"id":20996,"href":"https:\/\/negantigardi.lv\/lv\/wp-json\/wp\/v2\/pages\/20995\/revisions\/20996"}],"wp:featuredmedia":[{"embeddable":true,"href":"https:\/\/negantigardi.lv\/lv\/wp-json\/wp\/v2\/media\/19776"}],"wp:attachment":[{"href":"https:\/\/negantigardi.lv\/lv\/wp-json\/wp\/v2\/media?parent=20995"}],"curies":[{"name":"wp","href":"https:\/\/api.w.org\/{rel}","templated":true}]}}