{"id":1075,"date":"2019-05-01T12:41:10","date_gmt":"2019-05-01T09:41:10","guid":{"rendered":"https:\/\/tauri.resico.tech\/?post_type=product&#038;p=1075"},"modified":"2026-04-29T18:07:32","modified_gmt":"2026-04-29T15:07:32","slug":"liellopa-galas-flank-steiks-pirkt-uzreiz-piegade-uz-majam","status":"publish","type":"product","link":"https:\/\/negantigardi.lv\/lv\/products\/liellopa-galas-flank-steiks-pirkt-uzreiz-piegade-uz-majam\/","title":{"rendered":"Liellopa Flank steiks BIO"},"content":{"rendered":"<p class=\"p1\">Liellopa Flank steiks BIO ir lieliski piem\u0113rots marin\u0101d\u0113m. Ta\u010du, pirms gatavo\u0161anas augst\u0101 temperat\u016br\u0101, p\u0101rliecinieties, ka tas ir k\u0101rt\u012bgi not\u012br\u012bts, sav\u0101d\u0101k marin\u0101de sadegs. Un esiet \u012bpa\u0161i uzman\u012bgi, lai nesagrieztu ga\u013cu pa \u0161\u0137iedrai, jo tad ga\u013cas gabali\u0146i gatavo\u0161anas laik\u0101 k\u013c\u016bs gumijoti.<\/p>\n<p>Ra\u017eot\u0101js: <a href=\"https:\/\/negantigardi.lv\/lv\/product-category\/galas-produkti\/?filters=product_tag[252]\">NEGANTIgardi<\/a><\/p>\n<p>&nbsp;<\/p>\n","protected":false},"excerpt":{"rendered":"<p class=\"p1\">Flank steikam ir rakstur\u012bgas unik\u0101las musku\u013cu \u0161kiedras, kuras, pareiz\u0101 veid\u0101 sagrieztas un pagatavotas, rada neticami lielisku gar\u0161u. Ga\u013ca n\u0101k no liellopa v\u0113dera da\u013cas un savu izteikto gar\u0161u ieg\u016bst, liellopiem akt\u012bvi kustoties un pavadot laiku gan\u012bb\u0101s. Flank steiku iesak\u0101m gatavot sagrieztu \u0161\u0137\u0113l\u0113s vai ar\u012b vienk\u0101r\u0161i k\u0101 steiku. Pieg\u0101d\u0101jam sasald\u0113tu, sald\u0113ts \u0161oka sald\u0113tav\u0101.<\/p>\n","protected":false},"featured_media":26033,"comment_status":"open","ping_status":"closed","template":"","meta":{"wprm-recipe-roundup-name":"","wprm-recipe-roundup-description":"","ocean_post_layout":"","ocean_both_sidebars_style":"","ocean_both_sidebars_content_width":0,"ocean_both_sidebars_sidebars_width":0,"ocean_sidebar":"0","ocean_second_sidebar":"0","ocean_disable_margins":"enable","ocean_add_body_class":"","ocean_shortcode_before_top_bar":"","ocean_shortcode_after_top_bar":"","ocean_shortcode_before_header":"","ocean_shortcode_after_header":"","ocean_has_shortcode":"","ocean_shortcode_after_title":"","ocean_shortcode_before_footer_widgets":"","ocean_shortcode_after_footer_widgets":"","ocean_shortcode_before_footer_bottom":"","ocean_shortcode_after_footer_bottom":"","ocean_display_top_bar":"default","ocean_display_header":"default","ocean_header_style":"","ocean_center_header_left_menu":"0","ocean_custom_header_template":"0","ocean_custom_logo":0,"ocean_custom_retina_logo":0,"ocean_custom_logo_max_width":0,"ocean_custom_logo_tablet_max_width":0,"ocean_custom_logo_mobile_max_width":0,"ocean_custom_logo_max_height":0,"ocean_custom_logo_tablet_max_height":0,"ocean_custom_logo_mobile_max_height":0,"ocean_header_custom_menu":"0","ocean_menu_typo_font_family":"0","ocean_menu_typo_font_subset":"","ocean_menu_typo_font_size":0,"ocean_menu_typo_font_size_tablet":0,"ocean_menu_typo_font_size_mobile":0,"ocean_menu_typo_font_size_unit":"px","ocean_menu_typo_font_weight":"","ocean_menu_typo_font_weight_tablet":"","ocean_menu_typo_font_weight_mobile":"","ocean_menu_typo_transform":"","ocean_menu_typo_transform_tablet":"","ocean_menu_typo_transform_mobile":"","ocean_menu_typo_line_height":0,"ocean_menu_typo_line_height_tablet":0,"ocean_menu_typo_line_height_mobile":0,"ocean_menu_typo_line_height_unit":"","ocean_menu_typo_spacing":0,"ocean_menu_typo_spacing_tablet":0,"ocean_menu_typo_spacing_mobile":0,"ocean_menu_typo_spacing_unit":"","ocean_menu_link_color":"","ocean_menu_link_color_hover":"","ocean_menu_link_color_active":"","ocean_menu_link_background":"","ocean_menu_link_hover_background":"","ocean_menu_link_active_background":"","ocean_menu_social_links_bg":"","ocean_menu_social_hover_links_bg":"","ocean_menu_social_links_color":"","ocean_menu_social_hover_links_color":"","ocean_disable_title":"default","ocean_disable_heading":"default","ocean_post_title":"","ocean_post_subheading":"","ocean_post_title_style":"","ocean_post_title_background_color":"","ocean_post_title_background":0,"ocean_post_title_bg_image_position":"","ocean_post_title_bg_image_attachment":"","ocean_post_title_bg_image_repeat":"","ocean_post_title_bg_image_size":"","ocean_post_title_height":0,"ocean_post_title_bg_overlay":0.5,"ocean_post_title_bg_overlay_color":"","ocean_disable_breadcrumbs":"default","ocean_breadcrumbs_color":"","ocean_breadcrumbs_separator_color":"","ocean_breadcrumbs_links_color":"","ocean_breadcrumbs_links_hover_color":"","ocean_display_footer_widgets":"default","ocean_display_footer_bottom":"default","ocean_custom_footer_template":"0"},"product_brand":[],"product_cat":[641],"product_tag":[705],"class_list":{"0":"post-1075","1":"product","2":"type-product","3":"status-publish","4":"has-post-thumbnail","6":"product_cat-steiki","7":"product_tag-development","9":"entry","10":"has-media","12":"first","13":"instock","14":"taxable","15":"shipping-taxable","16":"purchasable","17":"product-type-simple","18":"has-product-nav","19":"col","20":"span_1_of_3","21":"owp-content-center","22":"owp-thumbs-layout-horizontal","23":"owp-btn-normal","24":"owp-tabs-layout-horizontal","25":"has-no-thumbnails"},"raw_content":{"name":"Liellopa Flank steiks BIO","description":"<p class=\"p1\">Liellopa Flank steiks BIO ir lieliski piem\u0113rots marin\u0101d\u0113m. Ta\u010du, pirms gatavo\u0161anas augst\u0101 temperat\u016br\u0101, p\u0101rliecinieties, ka tas ir k\u0101rt\u012bgi not\u012br\u012bts, sav\u0101d\u0101k marin\u0101de sadegs. Un esiet \u012bpa\u0161i uzman\u012bgi, lai nesagrieztu ga\u013cu pa \u0161\u0137iedrai, jo tad ga\u013cas gabali\u0146i gatavo\u0161anas laik\u0101 k\u013c\u016bs gumijoti.<\/p>\r\nRa\u017eot\u0101js: <a href=\"https:\/\/negantigardi.lv\/lv\/product-category\/galas-produkti\/?filters=product_tag[252]\">NEGANTIgardi<\/a>\r\n\r\n&nbsp;","short_description":"<p class=\"p1\">Flank steikam ir rakstur\u012bgas unik\u0101las musku\u013cu \u0161kiedras, kuras, pareiz\u0101 veid\u0101 sagrieztas un pagatavotas, rada neticami lielisku gar\u0161u. Ga\u013ca n\u0101k no liellopa v\u0113dera da\u013cas un savu izteikto gar\u0161u ieg\u016bst, liellopiem akt\u012bvi kustoties un pavadot laiku gan\u012bb\u0101s. Flank steiku iesak\u0101m gatavot sagrieztu \u0161\u0137\u0113l\u0113s vai ar\u012b vienk\u0101r\u0161i k\u0101 steiku. Pieg\u0101d\u0101jam sasald\u0113tu, sald\u0113ts \u0161oka sald\u0113tav\u0101.<\/p>","status":"publish","sku":"2004","original":1075},"yoast_head":"<!-- This site is optimized with the Yoast SEO plugin v27.5 - https:\/\/yoast.com\/product\/yoast-seo-wordpress\/ -->\n<title>Liellopa Flank steiks BIO - NEGANTIgardi<\/title>\n<meta name=\"description\" content=\"Liellopa ga\u013cas FLANK STEAK steiks. NEGANTIGardi biolo\u0123iskas, svaigas steika ga\u013cas pieg\u0101de uz m\u0101j\u0101m katru ned\u0113\u013cu pa Latviju.\" \/>\n<meta name=\"robots\" content=\"index, follow, max-snippet:-1, max-image-preview:large, max-video-preview:-1\" \/>\n<link rel=\"canonical\" href=\"https:\/\/negantigardi.lv\/lv\/products\/liellopa-galas-flank-steiks-pirkt-uzreiz-piegade-uz-majam\/\" \/>\n<meta property=\"og:locale\" content=\"lv_LV\" \/>\n<meta property=\"og:type\" content=\"article\" \/>\n<meta property=\"og:title\" content=\"Liellopa Flank steiks BIO - NEGANTIgardi\" \/>\n<meta property=\"og:description\" content=\"Liellopa ga\u013cas FLANK STEAK steiks. NEGANTIGardi biolo\u0123iskas, svaigas steika ga\u013cas pieg\u0101de uz m\u0101j\u0101m katru ned\u0113\u013cu pa Latviju.\" \/>\n<meta property=\"og:url\" content=\"https:\/\/negantigardi.lv\/lv\/products\/liellopa-galas-flank-steiks-pirkt-uzreiz-piegade-uz-majam\/\" \/>\n<meta property=\"og:site_name\" content=\"NEGANTIgardi\" \/>\n<meta property=\"article:publisher\" content=\"https:\/\/www.facebook.com\/NEGANTIgardi-112194723538015\" \/>\n<meta property=\"article:modified_time\" content=\"2026-04-29T15:07:32+00:00\" \/>\n<meta property=\"og:image\" content=\"https:\/\/negantigardi.lv\/wp-content\/uploads\/2019\/05\/Flankesteak.webp\" \/>\n\t<meta property=\"og:image:width\" content=\"2048\" \/>\n\t<meta property=\"og:image:height\" content=\"1366\" \/>\n\t<meta property=\"og:image:type\" content=\"image\/webp\" \/>\n<meta name=\"twitter:card\" content=\"summary_large_image\" \/>\n<meta name=\"twitter:label1\" content=\"Est. reading time\" \/>\n\t<meta name=\"twitter:data1\" content=\"1 min\u016bte\" \/>\n<script type=\"application\/ld+json\" class=\"yoast-schema-graph\">{\"@context\":\"https:\\\/\\\/schema.org\",\"@graph\":[{\"@type\":\"WebPage\",\"@id\":\"https:\\\/\\\/negantigardi.lv\\\/products\\\/liellopa-galas-flank-steiks-pirkt-uzreiz-piegade-uz-majam\\\/\",\"url\":\"https:\\\/\\\/negantigardi.lv\\\/products\\\/liellopa-galas-flank-steiks-pirkt-uzreiz-piegade-uz-majam\\\/\",\"name\":\"Liellopa Flank steiks BIO - NEGANTIgardi\",\"isPartOf\":{\"@id\":\"https:\\\/\\\/negantigardi.lv\\\/#website\"},\"primaryImageOfPage\":{\"@id\":\"https:\\\/\\\/negantigardi.lv\\\/products\\\/liellopa-galas-flank-steiks-pirkt-uzreiz-piegade-uz-majam\\\/#primaryimage\"},\"image\":{\"@id\":\"https:\\\/\\\/negantigardi.lv\\\/products\\\/liellopa-galas-flank-steiks-pirkt-uzreiz-piegade-uz-majam\\\/#primaryimage\"},\"thumbnailUrl\":\"https:\\\/\\\/negantigardi.lv\\\/wp-content\\\/uploads\\\/2019\\\/05\\\/Flankesteak.webp\",\"datePublished\":\"2019-05-01T09:41:10+00:00\",\"dateModified\":\"2026-04-29T15:07:32+00:00\",\"description\":\"Liellopa ga\u013cas FLANK STEAK steiks. NEGANTIGardi biolo\u0123iskas, svaigas steika ga\u013cas pieg\u0101de uz m\u0101j\u0101m katru ned\u0113\u013cu pa Latviju.\",\"breadcrumb\":{\"@id\":\"https:\\\/\\\/negantigardi.lv\\\/products\\\/liellopa-galas-flank-steiks-pirkt-uzreiz-piegade-uz-majam\\\/#breadcrumb\"},\"inLanguage\":\"lv-LV\",\"potentialAction\":[{\"@type\":\"ReadAction\",\"target\":[\"https:\\\/\\\/negantigardi.lv\\\/products\\\/liellopa-galas-flank-steiks-pirkt-uzreiz-piegade-uz-majam\\\/\"]}]},{\"@type\":\"ImageObject\",\"inLanguage\":\"lv-LV\",\"@id\":\"https:\\\/\\\/negantigardi.lv\\\/products\\\/liellopa-galas-flank-steiks-pirkt-uzreiz-piegade-uz-majam\\\/#primaryimage\",\"url\":\"https:\\\/\\\/negantigardi.lv\\\/wp-content\\\/uploads\\\/2019\\\/05\\\/Flankesteak.webp\",\"contentUrl\":\"https:\\\/\\\/negantigardi.lv\\\/wp-content\\\/uploads\\\/2019\\\/05\\\/Flankesteak.webp\",\"width\":2048,\"height\":1366},{\"@type\":\"BreadcrumbList\",\"@id\":\"https:\\\/\\\/negantigardi.lv\\\/products\\\/liellopa-galas-flank-steiks-pirkt-uzreiz-piegade-uz-majam\\\/#breadcrumb\",\"itemListElement\":[{\"@type\":\"ListItem\",\"position\":1,\"name\":\"Home\",\"item\":\"https:\\\/\\\/negantigardi.lv\\\/\"},{\"@type\":\"ListItem\",\"position\":2,\"name\":\"Veikals\",\"item\":\"https:\\\/\\\/negantigardi.lv\\\/lv\\\/produkti\\\/\"},{\"@type\":\"ListItem\",\"position\":3,\"name\":\"Liellopa Flank steiks BIO\"}]},{\"@type\":\"WebSite\",\"@id\":\"https:\\\/\\\/negantigardi.lv\\\/#website\",\"url\":\"https:\\\/\\\/negantigardi.lv\\\/\",\"name\":\"NEGANTIgardi\",\"description\":\"Ga\u013ca, Liellopa ga\u013ca, Biolo\u0123iska liellopa ga\u013ca, liellopa ga\u013ca receptes\",\"publisher\":{\"@id\":\"https:\\\/\\\/negantigardi.lv\\\/#organization\"},\"potentialAction\":[{\"@type\":\"SearchAction\",\"target\":{\"@type\":\"EntryPoint\",\"urlTemplate\":\"https:\\\/\\\/negantigardi.lv\\\/?s={search_term_string}\"},\"query-input\":{\"@type\":\"PropertyValueSpecification\",\"valueRequired\":true,\"valueName\":\"search_term_string\"}}],\"inLanguage\":\"lv-LV\"},{\"@type\":\"Organization\",\"@id\":\"https:\\\/\\\/negantigardi.lv\\\/#organization\",\"name\":\"NEGANTIgardi\",\"url\":\"https:\\\/\\\/negantigardi.lv\\\/\",\"logo\":{\"@type\":\"ImageObject\",\"inLanguage\":\"lv-LV\",\"@id\":\"https:\\\/\\\/negantigardi.lv\\\/#\\\/schema\\\/logo\\\/image\\\/\",\"url\":\"https:\\\/\\\/negantigardi.lv\\\/wp-content\\\/uploads\\\/2021\\\/01\\\/bilde-3.jpg\",\"contentUrl\":\"https:\\\/\\\/negantigardi.lv\\\/wp-content\\\/uploads\\\/2021\\\/01\\\/bilde-3.jpg\",\"width\":362,\"height\":362,\"caption\":\"NEGANTIgardi\"},\"image\":{\"@id\":\"https:\\\/\\\/negantigardi.lv\\\/#\\\/schema\\\/logo\\\/image\\\/\"},\"sameAs\":[\"https:\\\/\\\/www.facebook.com\\\/NEGANTIgardi-112194723538015\",\"https:\\\/\\\/www.instagram.com\\\/negantigardi\\\/\"]}]}<\/script>\n<!-- \/ Yoast SEO plugin. -->","yoast_head_json":{"title":"Liellopa Flank steiks BIO - NEGANTIgardi","description":"Liellopa ga\u013cas FLANK STEAK steiks. NEGANTIGardi biolo\u0123iskas, svaigas steika ga\u013cas pieg\u0101de uz m\u0101j\u0101m katru ned\u0113\u013cu pa Latviju.","robots":{"index":"index","follow":"follow","max-snippet":"max-snippet:-1","max-image-preview":"max-image-preview:large","max-video-preview":"max-video-preview:-1"},"canonical":"https:\/\/negantigardi.lv\/lv\/products\/liellopa-galas-flank-steiks-pirkt-uzreiz-piegade-uz-majam\/","og_locale":"lv_LV","og_type":"article","og_title":"Liellopa Flank steiks BIO - NEGANTIgardi","og_description":"Liellopa ga\u013cas FLANK STEAK steiks. NEGANTIGardi biolo\u0123iskas, svaigas steika ga\u013cas pieg\u0101de uz m\u0101j\u0101m katru ned\u0113\u013cu pa Latviju.","og_url":"https:\/\/negantigardi.lv\/lv\/products\/liellopa-galas-flank-steiks-pirkt-uzreiz-piegade-uz-majam\/","og_site_name":"NEGANTIgardi","article_publisher":"https:\/\/www.facebook.com\/NEGANTIgardi-112194723538015","article_modified_time":"2026-04-29T15:07:32+00:00","og_image":[{"width":2048,"height":1366,"url":"https:\/\/negantigardi.lv\/wp-content\/uploads\/2019\/05\/Flankesteak.webp","type":"image\/webp"}],"twitter_card":"summary_large_image","twitter_misc":{"Est. reading time":"1 min\u016bte"},"schema":{"@context":"https:\/\/schema.org","@graph":[{"@type":"WebPage","@id":"https:\/\/negantigardi.lv\/products\/liellopa-galas-flank-steiks-pirkt-uzreiz-piegade-uz-majam\/","url":"https:\/\/negantigardi.lv\/products\/liellopa-galas-flank-steiks-pirkt-uzreiz-piegade-uz-majam\/","name":"Liellopa Flank steiks BIO - NEGANTIgardi","isPartOf":{"@id":"https:\/\/negantigardi.lv\/#website"},"primaryImageOfPage":{"@id":"https:\/\/negantigardi.lv\/products\/liellopa-galas-flank-steiks-pirkt-uzreiz-piegade-uz-majam\/#primaryimage"},"image":{"@id":"https:\/\/negantigardi.lv\/products\/liellopa-galas-flank-steiks-pirkt-uzreiz-piegade-uz-majam\/#primaryimage"},"thumbnailUrl":"https:\/\/negantigardi.lv\/wp-content\/uploads\/2019\/05\/Flankesteak.webp","datePublished":"2019-05-01T09:41:10+00:00","dateModified":"2026-04-29T15:07:32+00:00","description":"Liellopa ga\u013cas FLANK STEAK steiks. NEGANTIGardi biolo\u0123iskas, svaigas steika ga\u013cas pieg\u0101de uz m\u0101j\u0101m katru ned\u0113\u013cu pa Latviju.","breadcrumb":{"@id":"https:\/\/negantigardi.lv\/products\/liellopa-galas-flank-steiks-pirkt-uzreiz-piegade-uz-majam\/#breadcrumb"},"inLanguage":"lv-LV","potentialAction":[{"@type":"ReadAction","target":["https:\/\/negantigardi.lv\/products\/liellopa-galas-flank-steiks-pirkt-uzreiz-piegade-uz-majam\/"]}]},{"@type":"ImageObject","inLanguage":"lv-LV","@id":"https:\/\/negantigardi.lv\/products\/liellopa-galas-flank-steiks-pirkt-uzreiz-piegade-uz-majam\/#primaryimage","url":"https:\/\/negantigardi.lv\/wp-content\/uploads\/2019\/05\/Flankesteak.webp","contentUrl":"https:\/\/negantigardi.lv\/wp-content\/uploads\/2019\/05\/Flankesteak.webp","width":2048,"height":1366},{"@type":"BreadcrumbList","@id":"https:\/\/negantigardi.lv\/products\/liellopa-galas-flank-steiks-pirkt-uzreiz-piegade-uz-majam\/#breadcrumb","itemListElement":[{"@type":"ListItem","position":1,"name":"Home","item":"https:\/\/negantigardi.lv\/"},{"@type":"ListItem","position":2,"name":"Veikals","item":"https:\/\/negantigardi.lv\/lv\/produkti\/"},{"@type":"ListItem","position":3,"name":"Liellopa Flank steiks BIO"}]},{"@type":"WebSite","@id":"https:\/\/negantigardi.lv\/#website","url":"https:\/\/negantigardi.lv\/","name":"NEGANTIgardi","description":"Ga\u013ca, Liellopa ga\u013ca, Biolo\u0123iska liellopa ga\u013ca, liellopa ga\u013ca receptes","publisher":{"@id":"https:\/\/negantigardi.lv\/#organization"},"potentialAction":[{"@type":"SearchAction","target":{"@type":"EntryPoint","urlTemplate":"https:\/\/negantigardi.lv\/?s={search_term_string}"},"query-input":{"@type":"PropertyValueSpecification","valueRequired":true,"valueName":"search_term_string"}}],"inLanguage":"lv-LV"},{"@type":"Organization","@id":"https:\/\/negantigardi.lv\/#organization","name":"NEGANTIgardi","url":"https:\/\/negantigardi.lv\/","logo":{"@type":"ImageObject","inLanguage":"lv-LV","@id":"https:\/\/negantigardi.lv\/#\/schema\/logo\/image\/","url":"https:\/\/negantigardi.lv\/wp-content\/uploads\/2021\/01\/bilde-3.jpg","contentUrl":"https:\/\/negantigardi.lv\/wp-content\/uploads\/2021\/01\/bilde-3.jpg","width":362,"height":362,"caption":"NEGANTIgardi"},"image":{"@id":"https:\/\/negantigardi.lv\/#\/schema\/logo\/image\/"},"sameAs":["https:\/\/www.facebook.com\/NEGANTIgardi-112194723538015","https:\/\/www.instagram.com\/negantigardi\/"]}]}},"_links":{"self":[{"href":"https:\/\/negantigardi.lv\/lv\/wp-json\/wp\/v2\/product\/1075","targetHints":{"allow":["GET"]}}],"collection":[{"href":"https:\/\/negantigardi.lv\/lv\/wp-json\/wp\/v2\/product"}],"about":[{"href":"https:\/\/negantigardi.lv\/lv\/wp-json\/wp\/v2\/types\/product"}],"replies":[{"embeddable":true,"href":"https:\/\/negantigardi.lv\/lv\/wp-json\/wp\/v2\/comments?post=1075"}],"wp:featuredmedia":[{"embeddable":true,"href":"https:\/\/negantigardi.lv\/lv\/wp-json\/wp\/v2\/media\/26033"}],"wp:attachment":[{"href":"https:\/\/negantigardi.lv\/lv\/wp-json\/wp\/v2\/media?parent=1075"}],"wp:term":[{"taxonomy":"product_brand","embeddable":true,"href":"https:\/\/negantigardi.lv\/lv\/wp-json\/wp\/v2\/product_brand?post=1075"},{"taxonomy":"product_cat","embeddable":true,"href":"https:\/\/negantigardi.lv\/lv\/wp-json\/wp\/v2\/product_cat?post=1075"},{"taxonomy":"product_tag","embeddable":true,"href":"https:\/\/negantigardi.lv\/lv\/wp-json\/wp\/v2\/product_tag?post=1075"}],"curies":[{"name":"wp","href":"https:\/\/api.w.org\/{rel}","templated":true}]}}