{"id":1119,"date":"2019-05-01T13:13:41","date_gmt":"2019-05-01T10:13:41","guid":{"rendered":"https:\/\/tauri.resico.tech\/?post_type=product&#038;p=1119"},"modified":"2026-04-21T12:58:14","modified_gmt":"2026-04-21T09:58:14","slug":"liellopa-galas-kupati-bio-svaiga-gala-interneta-negantigardi","status":"publish","type":"product","link":"https:\/\/negantigardi.lv\/lv\/products\/liellopa-galas-kupati-bio-svaiga-gala-interneta-negantigardi\/","title":{"rendered":"Liellopa ga\u013cas kup\u0101ti BIO"},"content":{"rendered":"<p class=\"p1\">Liellopa ga\u013cas m\u0101jas\u00a0 kup\u0101tus m\u0113s vienm\u0113r iesak\u0101m s\u0101kum\u0101 desas cept uz l\u0113nas uguns un tad beig\u0101s temperat\u016bru nedaudz vair\u0101k uzgriezt. Netie\u0161\u0101 gatavo\u0161anas metode ne\u013caus dabiskajam apvalkam p\u0101rspr\u0101gt un desai iz\u017e\u016bt.<\/p>\n<p>Ra\u017eot\u0101js: <a href=\"https:\/\/negantigardi.lv\/lv\/latvijas-liellops\/\">SIA Tauri<\/a><\/p>\n<p>&nbsp;<\/p>\n","protected":false},"excerpt":{"rendered":"<p class=\"p1\">Gar\u0161as pamat\u0101 ir gan\u012bb\u0101s audz\u0113ta liellopu ga\u013ca. No visas liellopa ga\u013cas m\u0113s izv\u0113lamies da\u017e\u0101dus gabalus \u2013 no steika l\u012bdz maltajai ga\u013cai, un vienm\u0113r p\u0101rliecin\u0101mies, lai kop\u0101 tiktu sajaukta perfekta liellopa ga\u013cas un gar\u0161vielu mais\u012bjuma attiec\u012bba, kas \u013cauj mums katr\u0101 reiz\u0113 ieg\u016bt gar\u0161as pies\u0101tin\u0101tu kup\u0101tdesi\u0146u. Taj\u0101 nav nek\u0101 lieka, tikai m\u016bsu izv\u0113l\u0113ta ga\u013ca un gar\u0161vielu mais\u012bjums. Iepakojuma svars ~ 500g. Pieg\u0101d\u0101jam sasald\u0113tu, sald\u0113ts \u0161oka sald\u0113tav\u0101.<\/p>\n","protected":false},"featured_media":26049,"comment_status":"open","ping_status":"closed","template":"","meta":{"wprm-recipe-roundup-name":"","wprm-recipe-roundup-description":"","ocean_post_layout":"","ocean_both_sidebars_style":"","ocean_both_sidebars_content_width":0,"ocean_both_sidebars_sidebars_width":0,"ocean_sidebar":"0","ocean_second_sidebar":"0","ocean_disable_margins":"enable","ocean_add_body_class":"","ocean_shortcode_before_top_bar":"","ocean_shortcode_after_top_bar":"","ocean_shortcode_before_header":"","ocean_shortcode_after_header":"","ocean_has_shortcode":"","ocean_shortcode_after_title":"","ocean_shortcode_before_footer_widgets":"","ocean_shortcode_after_footer_widgets":"","ocean_shortcode_before_footer_bottom":"","ocean_shortcode_after_footer_bottom":"","ocean_display_top_bar":"default","ocean_display_header":"default","ocean_header_style":"","ocean_center_header_left_menu":"0","ocean_custom_header_template":"0","ocean_custom_logo":0,"ocean_custom_retina_logo":0,"ocean_custom_logo_max_width":0,"ocean_custom_logo_tablet_max_width":0,"ocean_custom_logo_mobile_max_width":0,"ocean_custom_logo_max_height":0,"ocean_custom_logo_tablet_max_height":0,"ocean_custom_logo_mobile_max_height":0,"ocean_header_custom_menu":"0","ocean_menu_typo_font_family":"0","ocean_menu_typo_font_subset":"","ocean_menu_typo_font_size":0,"ocean_menu_typo_font_size_tablet":0,"ocean_menu_typo_font_size_mobile":0,"ocean_menu_typo_font_size_unit":"px","ocean_menu_typo_font_weight":"","ocean_menu_typo_font_weight_tablet":"","ocean_menu_typo_font_weight_mobile":"","ocean_menu_typo_transform":"","ocean_menu_typo_transform_tablet":"","ocean_menu_typo_transform_mobile":"","ocean_menu_typo_line_height":0,"ocean_menu_typo_line_height_tablet":0,"ocean_menu_typo_line_height_mobile":0,"ocean_menu_typo_line_height_unit":"","ocean_menu_typo_spacing":0,"ocean_menu_typo_spacing_tablet":0,"ocean_menu_typo_spacing_mobile":0,"ocean_menu_typo_spacing_unit":"","ocean_menu_link_color":"","ocean_menu_link_color_hover":"","ocean_menu_link_color_active":"","ocean_menu_link_background":"","ocean_menu_link_hover_background":"","ocean_menu_link_active_background":"","ocean_menu_social_links_bg":"","ocean_menu_social_hover_links_bg":"","ocean_menu_social_links_color":"","ocean_menu_social_hover_links_color":"","ocean_disable_title":"default","ocean_disable_heading":"default","ocean_post_title":"","ocean_post_subheading":"","ocean_post_title_style":"","ocean_post_title_background_color":"","ocean_post_title_background":0,"ocean_post_title_bg_image_position":"","ocean_post_title_bg_image_attachment":"","ocean_post_title_bg_image_repeat":"","ocean_post_title_bg_image_size":"","ocean_post_title_height":0,"ocean_post_title_bg_overlay":0.5,"ocean_post_title_bg_overlay_color":"","ocean_disable_breadcrumbs":"default","ocean_breadcrumbs_color":"","ocean_breadcrumbs_separator_color":"","ocean_breadcrumbs_links_color":"","ocean_breadcrumbs_links_hover_color":"","ocean_display_footer_widgets":"default","ocean_display_footer_bottom":"default","ocean_custom_footer_template":"0"},"product_brand":[],"product_cat":[642],"product_tag":[252],"class_list":{"0":"post-1119","1":"product","2":"type-product","3":"status-publish","4":"has-post-thumbnail","6":"product_cat-izstradajumi","7":"product_tag-negantigardi","8":"pa_garsas-kimenite","9":"pa_garsas-klasiskie","10":"pa_garsas-kvelie","11":"pa_garsas-smekigie","13":"entry","14":"has-media","16":"first","17":"instock","18":"taxable","19":"shipping-taxable","20":"purchasable","21":"product-type-variable","22":"has-product-nav","23":"col","24":"span_1_of_3","25":"owp-content-center","26":"owp-thumbs-layout-horizontal","27":"owp-btn-normal","28":"owp-tabs-layout-horizontal","29":"has-no-thumbnails"},"raw_content":{"name":"Liellopa ga\u013cas kup\u0101ti BIO","description":"<p class=\"p1\">Liellopa ga\u013cas m\u0101jas\u00a0 kup\u0101tus m\u0113s vienm\u0113r iesak\u0101m s\u0101kum\u0101 desas cept uz l\u0113nas uguns un tad beig\u0101s temperat\u016bru nedaudz vair\u0101k uzgriezt. Netie\u0161\u0101 gatavo\u0161anas metode ne\u013caus dabiskajam apvalkam p\u0101rspr\u0101gt un desai iz\u017e\u016bt.<\/p>\r\nRa\u017eot\u0101js: <a href=\"https:\/\/negantigardi.lv\/lv\/latvijas-liellops\/\">SIA Tauri<\/a>\r\n\r\n&nbsp;","short_description":"<p class=\"p1\">Gar\u0161as pamat\u0101 ir gan\u012bb\u0101s audz\u0113ta liellopu ga\u013ca. No visas liellopa ga\u013cas m\u0113s izv\u0113lamies da\u017e\u0101dus gabalus \u2013 no steika l\u012bdz maltajai ga\u013cai, un vienm\u0113r p\u0101rliecin\u0101mies, lai kop\u0101 tiktu sajaukta perfekta liellopa ga\u013cas un gar\u0161vielu mais\u012bjuma attiec\u012bba, kas \u013cauj mums katr\u0101 reiz\u0113 ieg\u016bt gar\u0161as pies\u0101tin\u0101tu kup\u0101tdesi\u0146u. Taj\u0101 nav nek\u0101 lieka, tikai m\u016bsu izv\u0113l\u0113ta ga\u013ca un gar\u0161vielu mais\u012bjums. Iepakojuma svars ~ 500g. Pieg\u0101d\u0101jam sasald\u0113tu, sald\u0113ts \u0161oka sald\u0113tav\u0101.<\/p>","status":"publish","sku":"1000025","original":1119},"yoast_head":"<!-- This site is optimized with the Yoast SEO plugin v27.4 - https:\/\/yoast.com\/product\/yoast-seo-wordpress\/ -->\n<title>Liellopa ga\u013cas kup\u0101ti BIO - NEGANTIgardi<\/title>\n<meta name=\"description\" content=\"Kup\u0101ti no liellopa ga\u013cas, m\u0101j\u0101s gatavoti. Sast\u0101v\u0101 br\u012bv\u0101s gan\u012bb\u0101s audz\u0113ta liellopu ga\u013ca. Pieg\u0101de uz m\u0101j\u0101m sald\u0113tus, \u0161oka sald\u0113tav\u0101. NEGANTIGardi\" \/>\n<meta name=\"robots\" content=\"index, follow, max-snippet:-1, max-image-preview:large, max-video-preview:-1\" \/>\n<link rel=\"canonical\" href=\"https:\/\/negantigardi.lv\/lv\/products\/liellopa-galas-kupati-bio-svaiga-gala-interneta-negantigardi\/\" \/>\n<meta property=\"og:locale\" content=\"lv_LV\" \/>\n<meta property=\"og:type\" content=\"article\" \/>\n<meta property=\"og:title\" content=\"Liellopa ga\u013cas kup\u0101ti BIO - NEGANTIgardi\" \/>\n<meta property=\"og:description\" content=\"Kup\u0101ti no liellopa ga\u013cas, m\u0101j\u0101s gatavoti. Sast\u0101v\u0101 br\u012bv\u0101s gan\u012bb\u0101s audz\u0113ta liellopu ga\u013ca. Pieg\u0101de uz m\u0101j\u0101m sald\u0113tus, \u0161oka sald\u0113tav\u0101. NEGANTIGardi\" \/>\n<meta property=\"og:url\" content=\"https:\/\/negantigardi.lv\/lv\/products\/liellopa-galas-kupati-bio-svaiga-gala-interneta-negantigardi\/\" \/>\n<meta property=\"og:site_name\" content=\"NEGANTIgardi\" \/>\n<meta property=\"article:publisher\" content=\"https:\/\/www.facebook.com\/NEGANTIgardi-112194723538015\" \/>\n<meta property=\"article:modified_time\" content=\"2026-04-21T09:58:14+00:00\" \/>\n<meta property=\"og:image\" content=\"https:\/\/negantigardi.lv\/wp-content\/uploads\/2019\/05\/Bio-Bratwust.webp\" \/>\n\t<meta property=\"og:image:width\" content=\"1024\" \/>\n\t<meta property=\"og:image:height\" content=\"683\" \/>\n\t<meta property=\"og:image:type\" content=\"image\/webp\" \/>\n<meta name=\"twitter:card\" content=\"summary_large_image\" \/>\n<meta name=\"twitter:label1\" content=\"Est. reading time\" \/>\n\t<meta name=\"twitter:data1\" content=\"1 min\u016bte\" \/>\n<script type=\"application\/ld+json\" class=\"yoast-schema-graph\">{\"@context\":\"https:\\\/\\\/schema.org\",\"@graph\":[{\"@type\":\"WebPage\",\"@id\":\"https:\\\/\\\/negantigardi.lv\\\/products\\\/liellopa-galas-kupati-bio-svaiga-gala-interneta-negantigardi\\\/\",\"url\":\"https:\\\/\\\/negantigardi.lv\\\/products\\\/liellopa-galas-kupati-bio-svaiga-gala-interneta-negantigardi\\\/\",\"name\":\"Liellopa ga\u013cas kup\u0101ti BIO - NEGANTIgardi\",\"isPartOf\":{\"@id\":\"https:\\\/\\\/negantigardi.lv\\\/#website\"},\"primaryImageOfPage\":{\"@id\":\"https:\\\/\\\/negantigardi.lv\\\/products\\\/liellopa-galas-kupati-bio-svaiga-gala-interneta-negantigardi\\\/#primaryimage\"},\"image\":{\"@id\":\"https:\\\/\\\/negantigardi.lv\\\/products\\\/liellopa-galas-kupati-bio-svaiga-gala-interneta-negantigardi\\\/#primaryimage\"},\"thumbnailUrl\":\"https:\\\/\\\/negantigardi.lv\\\/wp-content\\\/uploads\\\/2019\\\/05\\\/Bio-Bratwust.webp\",\"datePublished\":\"2019-05-01T10:13:41+00:00\",\"dateModified\":\"2026-04-21T09:58:14+00:00\",\"description\":\"Kup\u0101ti no liellopa ga\u013cas, m\u0101j\u0101s gatavoti. Sast\u0101v\u0101 br\u012bv\u0101s gan\u012bb\u0101s audz\u0113ta liellopu ga\u013ca. Pieg\u0101de uz m\u0101j\u0101m sald\u0113tus, \u0161oka sald\u0113tav\u0101. NEGANTIGardi\",\"breadcrumb\":{\"@id\":\"https:\\\/\\\/negantigardi.lv\\\/products\\\/liellopa-galas-kupati-bio-svaiga-gala-interneta-negantigardi\\\/#breadcrumb\"},\"inLanguage\":\"lv-LV\",\"potentialAction\":[{\"@type\":\"ReadAction\",\"target\":[\"https:\\\/\\\/negantigardi.lv\\\/products\\\/liellopa-galas-kupati-bio-svaiga-gala-interneta-negantigardi\\\/\"]}]},{\"@type\":\"ImageObject\",\"inLanguage\":\"lv-LV\",\"@id\":\"https:\\\/\\\/negantigardi.lv\\\/products\\\/liellopa-galas-kupati-bio-svaiga-gala-interneta-negantigardi\\\/#primaryimage\",\"url\":\"https:\\\/\\\/negantigardi.lv\\\/wp-content\\\/uploads\\\/2019\\\/05\\\/Bio-Bratwust.webp\",\"contentUrl\":\"https:\\\/\\\/negantigardi.lv\\\/wp-content\\\/uploads\\\/2019\\\/05\\\/Bio-Bratwust.webp\",\"width\":1024,\"height\":683},{\"@type\":\"BreadcrumbList\",\"@id\":\"https:\\\/\\\/negantigardi.lv\\\/products\\\/liellopa-galas-kupati-bio-svaiga-gala-interneta-negantigardi\\\/#breadcrumb\",\"itemListElement\":[{\"@type\":\"ListItem\",\"position\":1,\"name\":\"Home\",\"item\":\"https:\\\/\\\/negantigardi.lv\\\/\"},{\"@type\":\"ListItem\",\"position\":2,\"name\":\"Veikals\",\"item\":\"https:\\\/\\\/negantigardi.lv\\\/lv\\\/produkti\\\/\"},{\"@type\":\"ListItem\",\"position\":3,\"name\":\"Liellopa ga\u013cas kup\u0101ti BIO\"}]},{\"@type\":\"WebSite\",\"@id\":\"https:\\\/\\\/negantigardi.lv\\\/#website\",\"url\":\"https:\\\/\\\/negantigardi.lv\\\/\",\"name\":\"NEGANTIgardi\",\"description\":\"Ga\u013ca, Liellopa ga\u013ca, Biolo\u0123iska liellopa ga\u013ca, liellopa ga\u013ca receptes\",\"publisher\":{\"@id\":\"https:\\\/\\\/negantigardi.lv\\\/#organization\"},\"potentialAction\":[{\"@type\":\"SearchAction\",\"target\":{\"@type\":\"EntryPoint\",\"urlTemplate\":\"https:\\\/\\\/negantigardi.lv\\\/?s={search_term_string}\"},\"query-input\":{\"@type\":\"PropertyValueSpecification\",\"valueRequired\":true,\"valueName\":\"search_term_string\"}}],\"inLanguage\":\"lv-LV\"},{\"@type\":\"Organization\",\"@id\":\"https:\\\/\\\/negantigardi.lv\\\/#organization\",\"name\":\"NEGANTIgardi\",\"url\":\"https:\\\/\\\/negantigardi.lv\\\/\",\"logo\":{\"@type\":\"ImageObject\",\"inLanguage\":\"lv-LV\",\"@id\":\"https:\\\/\\\/negantigardi.lv\\\/#\\\/schema\\\/logo\\\/image\\\/\",\"url\":\"https:\\\/\\\/negantigardi.lv\\\/wp-content\\\/uploads\\\/2021\\\/01\\\/bilde-3.jpg\",\"contentUrl\":\"https:\\\/\\\/negantigardi.lv\\\/wp-content\\\/uploads\\\/2021\\\/01\\\/bilde-3.jpg\",\"width\":362,\"height\":362,\"caption\":\"NEGANTIgardi\"},\"image\":{\"@id\":\"https:\\\/\\\/negantigardi.lv\\\/#\\\/schema\\\/logo\\\/image\\\/\"},\"sameAs\":[\"https:\\\/\\\/www.facebook.com\\\/NEGANTIgardi-112194723538015\",\"https:\\\/\\\/www.instagram.com\\\/negantigardi\\\/\"]}]}<\/script>\n<!-- \/ Yoast SEO plugin. -->","yoast_head_json":{"title":"Liellopa ga\u013cas kup\u0101ti BIO - NEGANTIgardi","description":"Kup\u0101ti no liellopa ga\u013cas, m\u0101j\u0101s gatavoti. Sast\u0101v\u0101 br\u012bv\u0101s gan\u012bb\u0101s audz\u0113ta liellopu ga\u013ca. Pieg\u0101de uz m\u0101j\u0101m sald\u0113tus, \u0161oka sald\u0113tav\u0101. NEGANTIGardi","robots":{"index":"index","follow":"follow","max-snippet":"max-snippet:-1","max-image-preview":"max-image-preview:large","max-video-preview":"max-video-preview:-1"},"canonical":"https:\/\/negantigardi.lv\/lv\/products\/liellopa-galas-kupati-bio-svaiga-gala-interneta-negantigardi\/","og_locale":"lv_LV","og_type":"article","og_title":"Liellopa ga\u013cas kup\u0101ti BIO - NEGANTIgardi","og_description":"Kup\u0101ti no liellopa ga\u013cas, m\u0101j\u0101s gatavoti. Sast\u0101v\u0101 br\u012bv\u0101s gan\u012bb\u0101s audz\u0113ta liellopu ga\u013ca. Pieg\u0101de uz m\u0101j\u0101m sald\u0113tus, \u0161oka sald\u0113tav\u0101. NEGANTIGardi","og_url":"https:\/\/negantigardi.lv\/lv\/products\/liellopa-galas-kupati-bio-svaiga-gala-interneta-negantigardi\/","og_site_name":"NEGANTIgardi","article_publisher":"https:\/\/www.facebook.com\/NEGANTIgardi-112194723538015","article_modified_time":"2026-04-21T09:58:14+00:00","og_image":[{"width":1024,"height":683,"url":"https:\/\/negantigardi.lv\/wp-content\/uploads\/2019\/05\/Bio-Bratwust.webp","type":"image\/webp"}],"twitter_card":"summary_large_image","twitter_misc":{"Est. reading time":"1 min\u016bte"},"schema":{"@context":"https:\/\/schema.org","@graph":[{"@type":"WebPage","@id":"https:\/\/negantigardi.lv\/products\/liellopa-galas-kupati-bio-svaiga-gala-interneta-negantigardi\/","url":"https:\/\/negantigardi.lv\/products\/liellopa-galas-kupati-bio-svaiga-gala-interneta-negantigardi\/","name":"Liellopa ga\u013cas kup\u0101ti BIO - NEGANTIgardi","isPartOf":{"@id":"https:\/\/negantigardi.lv\/#website"},"primaryImageOfPage":{"@id":"https:\/\/negantigardi.lv\/products\/liellopa-galas-kupati-bio-svaiga-gala-interneta-negantigardi\/#primaryimage"},"image":{"@id":"https:\/\/negantigardi.lv\/products\/liellopa-galas-kupati-bio-svaiga-gala-interneta-negantigardi\/#primaryimage"},"thumbnailUrl":"https:\/\/negantigardi.lv\/wp-content\/uploads\/2019\/05\/Bio-Bratwust.webp","datePublished":"2019-05-01T10:13:41+00:00","dateModified":"2026-04-21T09:58:14+00:00","description":"Kup\u0101ti no liellopa ga\u013cas, m\u0101j\u0101s gatavoti. Sast\u0101v\u0101 br\u012bv\u0101s gan\u012bb\u0101s audz\u0113ta liellopu ga\u013ca. Pieg\u0101de uz m\u0101j\u0101m sald\u0113tus, \u0161oka sald\u0113tav\u0101. NEGANTIGardi","breadcrumb":{"@id":"https:\/\/negantigardi.lv\/products\/liellopa-galas-kupati-bio-svaiga-gala-interneta-negantigardi\/#breadcrumb"},"inLanguage":"lv-LV","potentialAction":[{"@type":"ReadAction","target":["https:\/\/negantigardi.lv\/products\/liellopa-galas-kupati-bio-svaiga-gala-interneta-negantigardi\/"]}]},{"@type":"ImageObject","inLanguage":"lv-LV","@id":"https:\/\/negantigardi.lv\/products\/liellopa-galas-kupati-bio-svaiga-gala-interneta-negantigardi\/#primaryimage","url":"https:\/\/negantigardi.lv\/wp-content\/uploads\/2019\/05\/Bio-Bratwust.webp","contentUrl":"https:\/\/negantigardi.lv\/wp-content\/uploads\/2019\/05\/Bio-Bratwust.webp","width":1024,"height":683},{"@type":"BreadcrumbList","@id":"https:\/\/negantigardi.lv\/products\/liellopa-galas-kupati-bio-svaiga-gala-interneta-negantigardi\/#breadcrumb","itemListElement":[{"@type":"ListItem","position":1,"name":"Home","item":"https:\/\/negantigardi.lv\/"},{"@type":"ListItem","position":2,"name":"Veikals","item":"https:\/\/negantigardi.lv\/lv\/produkti\/"},{"@type":"ListItem","position":3,"name":"Liellopa ga\u013cas kup\u0101ti BIO"}]},{"@type":"WebSite","@id":"https:\/\/negantigardi.lv\/#website","url":"https:\/\/negantigardi.lv\/","name":"NEGANTIgardi","description":"Ga\u013ca, Liellopa ga\u013ca, Biolo\u0123iska liellopa ga\u013ca, liellopa ga\u013ca receptes","publisher":{"@id":"https:\/\/negantigardi.lv\/#organization"},"potentialAction":[{"@type":"SearchAction","target":{"@type":"EntryPoint","urlTemplate":"https:\/\/negantigardi.lv\/?s={search_term_string}"},"query-input":{"@type":"PropertyValueSpecification","valueRequired":true,"valueName":"search_term_string"}}],"inLanguage":"lv-LV"},{"@type":"Organization","@id":"https:\/\/negantigardi.lv\/#organization","name":"NEGANTIgardi","url":"https:\/\/negantigardi.lv\/","logo":{"@type":"ImageObject","inLanguage":"lv-LV","@id":"https:\/\/negantigardi.lv\/#\/schema\/logo\/image\/","url":"https:\/\/negantigardi.lv\/wp-content\/uploads\/2021\/01\/bilde-3.jpg","contentUrl":"https:\/\/negantigardi.lv\/wp-content\/uploads\/2021\/01\/bilde-3.jpg","width":362,"height":362,"caption":"NEGANTIgardi"},"image":{"@id":"https:\/\/negantigardi.lv\/#\/schema\/logo\/image\/"},"sameAs":["https:\/\/www.facebook.com\/NEGANTIgardi-112194723538015","https:\/\/www.instagram.com\/negantigardi\/"]}]}},"_links":{"self":[{"href":"https:\/\/negantigardi.lv\/lv\/wp-json\/wp\/v2\/product\/1119","targetHints":{"allow":["GET"]}}],"collection":[{"href":"https:\/\/negantigardi.lv\/lv\/wp-json\/wp\/v2\/product"}],"about":[{"href":"https:\/\/negantigardi.lv\/lv\/wp-json\/wp\/v2\/types\/product"}],"replies":[{"embeddable":true,"href":"https:\/\/negantigardi.lv\/lv\/wp-json\/wp\/v2\/comments?post=1119"}],"wp:featuredmedia":[{"embeddable":true,"href":"https:\/\/negantigardi.lv\/lv\/wp-json\/wp\/v2\/media\/26049"}],"wp:attachment":[{"href":"https:\/\/negantigardi.lv\/lv\/wp-json\/wp\/v2\/media?parent=1119"}],"wp:term":[{"taxonomy":"product_brand","embeddable":true,"href":"https:\/\/negantigardi.lv\/lv\/wp-json\/wp\/v2\/product_brand?post=1119"},{"taxonomy":"product_cat","embeddable":true,"href":"https:\/\/negantigardi.lv\/lv\/wp-json\/wp\/v2\/product_cat?post=1119"},{"taxonomy":"product_tag","embeddable":true,"href":"https:\/\/negantigardi.lv\/lv\/wp-json\/wp\/v2\/product_tag?post=1119"}],"curies":[{"name":"wp","href":"https:\/\/api.w.org\/{rel}","templated":true}]}}