{"id":22639,"date":"2024-10-30T11:12:07","date_gmt":"2024-10-30T08:12:07","guid":{"rendered":"https:\/\/negantigardi.lv\/?post_type=product&#038;p=22639"},"modified":"2026-04-22T18:03:19","modified_gmt":"2026-04-22T15:03:19","slug":"liellopa-steiks-bavette-bio","status":"publish","type":"product","link":"https:\/\/negantigardi.lv\/lv\/products\/liellopa-steiks-bavette-bio\/","title":{"rendered":"Liellopa steiks Bavette BIO"},"content":{"rendered":"<p>Ra\u017eot\u0101js: <a href=\"https:\/\/negantigardi.lv\/lv\/product-category\/galas-produkti\/?filters=product_tag[252]\">NEGANTIgardi<\/a><\/p>\n","protected":false},"excerpt":{"rendered":"<p class=\"tw-data-text tw-text-large tw-ta\" dir=\"ltr\" data-placeholder=\"Tulkojums\" data-ved=\"2ahUKEwjiu6zn0LWJAxUpFhAIHaQiGRIQ3ewLegQIBxAU\" aria-label=\"Tulkotais teksts: Bavette steiks ir neapdzied\u0101ts liellopu ga\u013cas varonis. Saska\u0146\u0101 ar Steak Revolution datiem, bavette gabali\u0146i ir plakani, elast\u012bgi un bie\u017ei vien satur lielu musku\u013cu un tauku attiec\u012bbu. Lasiet vair\u0101k: https:\/\/www.tastingtable.com\/946990\/everything-you-need-to-know-about-bavette-steak\/\"><span class=\"Y2IQFc\" lang=\"lv\">Bavette steiks ir neapdzied\u0101ts liellopu ga\u013cas varonis. Bavette gabali\u0146i ir plakani, elast\u012bgi un bie\u017ei vien satur lielu musku\u013cu un tauku attiec\u012bbu. <\/span><span class=\"Y2IQFc\" lang=\"lv\">\u0160is tauku p\u0101rpiln\u012bba padara bavette \u013coti gar\u0161\u012bgu, k\u0101 ar\u012b viegli pagatavojamu. Svars <span style=\"font-family: arial, sans-serif;\"><i><span class=\"gmail-Apple-converted-space_25ea635aef532b5fc02c832eff3c34a6 \">~ <\/span><\/i><\/span>500g. Pieg\u0101d\u0101jam sasald\u0113tu, sald\u0113ts \u0161oka sald\u0113tav\u0101.<\/span><\/p>\n","protected":false},"featured_media":26039,"comment_status":"open","ping_status":"closed","template":"","meta":{"wprm-recipe-roundup-name":"","wprm-recipe-roundup-description":"","ocean_post_layout":"","ocean_both_sidebars_style":"","ocean_both_sidebars_content_width":0,"ocean_both_sidebars_sidebars_width":0,"ocean_sidebar":"0","ocean_second_sidebar":"0","ocean_disable_margins":"enable","ocean_add_body_class":"","ocean_shortcode_before_top_bar":"","ocean_shortcode_after_top_bar":"","ocean_shortcode_before_header":"","ocean_shortcode_after_header":"","ocean_has_shortcode":"","ocean_shortcode_after_title":"","ocean_shortcode_before_footer_widgets":"","ocean_shortcode_after_footer_widgets":"","ocean_shortcode_before_footer_bottom":"","ocean_shortcode_after_footer_bottom":"","ocean_display_top_bar":"default","ocean_display_header":"default","ocean_header_style":"","ocean_center_header_left_menu":"0","ocean_custom_header_template":"0","ocean_custom_logo":0,"ocean_custom_retina_logo":0,"ocean_custom_logo_max_width":0,"ocean_custom_logo_tablet_max_width":0,"ocean_custom_logo_mobile_max_width":0,"ocean_custom_logo_max_height":0,"ocean_custom_logo_tablet_max_height":0,"ocean_custom_logo_mobile_max_height":0,"ocean_header_custom_menu":"0","ocean_menu_typo_font_family":"0","ocean_menu_typo_font_subset":"","ocean_menu_typo_font_size":0,"ocean_menu_typo_font_size_tablet":0,"ocean_menu_typo_font_size_mobile":0,"ocean_menu_typo_font_size_unit":"px","ocean_menu_typo_font_weight":"","ocean_menu_typo_font_weight_tablet":"","ocean_menu_typo_font_weight_mobile":"","ocean_menu_typo_transform":"","ocean_menu_typo_transform_tablet":"","ocean_menu_typo_transform_mobile":"","ocean_menu_typo_line_height":0,"ocean_menu_typo_line_height_tablet":0,"ocean_menu_typo_line_height_mobile":0,"ocean_menu_typo_line_height_unit":"","ocean_menu_typo_spacing":0,"ocean_menu_typo_spacing_tablet":0,"ocean_menu_typo_spacing_mobile":0,"ocean_menu_typo_spacing_unit":"","ocean_menu_link_color":"","ocean_menu_link_color_hover":"","ocean_menu_link_color_active":"","ocean_menu_link_background":"","ocean_menu_link_hover_background":"","ocean_menu_link_active_background":"","ocean_menu_social_links_bg":"","ocean_menu_social_hover_links_bg":"","ocean_menu_social_links_color":"","ocean_menu_social_hover_links_color":"","ocean_disable_title":"default","ocean_disable_heading":"default","ocean_post_title":"","ocean_post_subheading":"","ocean_post_title_style":"","ocean_post_title_background_color":"","ocean_post_title_background":0,"ocean_post_title_bg_image_position":"","ocean_post_title_bg_image_attachment":"","ocean_post_title_bg_image_repeat":"","ocean_post_title_bg_image_size":"","ocean_post_title_height":0,"ocean_post_title_bg_overlay":0.5,"ocean_post_title_bg_overlay_color":"","ocean_disable_breadcrumbs":"default","ocean_breadcrumbs_color":"","ocean_breadcrumbs_separator_color":"","ocean_breadcrumbs_links_color":"","ocean_breadcrumbs_links_hover_color":"","ocean_display_footer_widgets":"default","ocean_display_footer_bottom":"default","ocean_custom_footer_template":"0"},"product_brand":[],"product_cat":[641],"product_tag":[252],"class_list":{"0":"post-22639","1":"product","2":"type-product","3":"status-publish","4":"has-post-thumbnail","6":"product_cat-steiki","7":"product_tag-negantigardi","9":"entry","10":"has-media","12":"first","13":"instock","14":"taxable","15":"shipping-taxable","16":"purchasable","17":"product-type-simple","18":"has-product-nav","19":"col","20":"span_1_of_3","21":"owp-content-center","22":"owp-thumbs-layout-horizontal","23":"owp-btn-normal","24":"owp-tabs-layout-horizontal","25":"has-no-thumbnails"},"raw_content":{"name":"Liellopa steiks Bavette BIO","description":"Ra\u017eot\u0101js: <a href=\"https:\/\/negantigardi.lv\/lv\/product-category\/galas-produkti\/?filters=product_tag[252]\">NEGANTIgardi<\/a>","short_description":"<p class=\"tw-data-text tw-text-large tw-ta\" dir=\"ltr\" data-placeholder=\"Tulkojums\" data-ved=\"2ahUKEwjiu6zn0LWJAxUpFhAIHaQiGRIQ3ewLegQIBxAU\" aria-label=\"Tulkotais teksts: Bavette steiks ir neapdzied\u0101ts liellopu ga\u013cas varonis. Saska\u0146\u0101 ar Steak Revolution datiem, bavette gabali\u0146i ir plakani, elast\u012bgi un bie\u017ei vien satur lielu musku\u013cu un tauku attiec\u012bbu. Lasiet vair\u0101k: https:\/\/www.tastingtable.com\/946990\/everything-you-need-to-know-about-bavette-steak\/\"><span class=\"Y2IQFc\" lang=\"lv\">Bavette steiks ir neapdzied\u0101ts liellopu ga\u013cas varonis. Bavette gabali\u0146i ir plakani, elast\u012bgi un bie\u017ei vien satur lielu musku\u013cu un tauku attiec\u012bbu. <\/span><span class=\"Y2IQFc\" lang=\"lv\">\u0160is tauku p\u0101rpiln\u012bba padara bavette \u013coti gar\u0161\u012bgu, k\u0101 ar\u012b viegli pagatavojamu. Svars <span style=\"font-family: arial, sans-serif;\"><i><span class=\"gmail-Apple-converted-space_25ea635aef532b5fc02c832eff3c34a6 \">~ <\/span><\/i><\/span>500g. Pieg\u0101d\u0101jam sasald\u0113tu, sald\u0113ts \u0161oka sald\u0113tav\u0101.<\/span><\/p>","status":"publish","sku":"2032","original":22639},"yoast_head":"<!-- This site is optimized with the Yoast SEO plugin v27.4 - https:\/\/yoast.com\/product\/yoast-seo-wordpress\/ -->\n<title>Liellopa steiks Bavette BIO - NEGANTIgardi<\/title>\n<meta name=\"robots\" content=\"index, follow, max-snippet:-1, max-image-preview:large, max-video-preview:-1\" \/>\n<link rel=\"canonical\" href=\"https:\/\/negantigardi.lv\/lv\/products\/liellopa-steiks-bavette-bio\/\" \/>\n<meta property=\"og:locale\" content=\"lv_LV\" \/>\n<meta property=\"og:type\" content=\"article\" \/>\n<meta property=\"og:title\" content=\"Liellopa steiks Bavette BIO - NEGANTIgardi\" \/>\n<meta property=\"og:description\" content=\"Bavette steiks ir neapdzied\u0101ts liellopu ga\u013cas varonis. Bavette gabali\u0146i ir plakani, elast\u012bgi un bie\u017ei vien satur lielu musku\u013cu un tauku attiec\u012bbu. \u0160is tauku p\u0101rpiln\u012bba padara bavette \u013coti gar\u0161\u012bgu, k\u0101 ar\u012b viegli pagatavojamu. Svars ~ 500g. Pieg\u0101d\u0101jam sasald\u0113tu, sald\u0113ts \u0161oka sald\u0113tav\u0101.\" \/>\n<meta property=\"og:url\" content=\"https:\/\/negantigardi.lv\/lv\/products\/liellopa-steiks-bavette-bio\/\" \/>\n<meta property=\"og:site_name\" content=\"NEGANTIgardi\" \/>\n<meta property=\"article:publisher\" content=\"https:\/\/www.facebook.com\/NEGANTIgardi-112194723538015\" \/>\n<meta property=\"article:modified_time\" content=\"2026-04-22T15:03:19+00:00\" \/>\n<meta property=\"og:image\" content=\"https:\/\/negantigardi.lv\/wp-content\/uploads\/2024\/10\/Bavette.webp\" \/>\n\t<meta property=\"og:image:width\" content=\"1024\" \/>\n\t<meta property=\"og:image:height\" content=\"683\" \/>\n\t<meta property=\"og:image:type\" content=\"image\/webp\" \/>\n<meta name=\"twitter:card\" content=\"summary_large_image\" \/>\n<meta name=\"twitter:label1\" content=\"Est. reading time\" \/>\n\t<meta name=\"twitter:data1\" content=\"1 min\u016bte\" \/>\n<script type=\"application\/ld+json\" class=\"yoast-schema-graph\">{\"@context\":\"https:\\\/\\\/schema.org\",\"@graph\":[{\"@type\":\"WebPage\",\"@id\":\"https:\\\/\\\/negantigardi.lv\\\/products\\\/liellopa-steiks-bavette-bio\\\/\",\"url\":\"https:\\\/\\\/negantigardi.lv\\\/products\\\/liellopa-steiks-bavette-bio\\\/\",\"name\":\"Liellopa steiks Bavette BIO - NEGANTIgardi\",\"isPartOf\":{\"@id\":\"https:\\\/\\\/negantigardi.lv\\\/#website\"},\"primaryImageOfPage\":{\"@id\":\"https:\\\/\\\/negantigardi.lv\\\/products\\\/liellopa-steiks-bavette-bio\\\/#primaryimage\"},\"image\":{\"@id\":\"https:\\\/\\\/negantigardi.lv\\\/products\\\/liellopa-steiks-bavette-bio\\\/#primaryimage\"},\"thumbnailUrl\":\"https:\\\/\\\/negantigardi.lv\\\/wp-content\\\/uploads\\\/2024\\\/10\\\/Bavette.webp\",\"datePublished\":\"2024-10-30T08:12:07+00:00\",\"dateModified\":\"2026-04-22T15:03:19+00:00\",\"breadcrumb\":{\"@id\":\"https:\\\/\\\/negantigardi.lv\\\/products\\\/liellopa-steiks-bavette-bio\\\/#breadcrumb\"},\"inLanguage\":\"lv-LV\",\"potentialAction\":[{\"@type\":\"ReadAction\",\"target\":[\"https:\\\/\\\/negantigardi.lv\\\/products\\\/liellopa-steiks-bavette-bio\\\/\"]}]},{\"@type\":\"ImageObject\",\"inLanguage\":\"lv-LV\",\"@id\":\"https:\\\/\\\/negantigardi.lv\\\/products\\\/liellopa-steiks-bavette-bio\\\/#primaryimage\",\"url\":\"https:\\\/\\\/negantigardi.lv\\\/wp-content\\\/uploads\\\/2024\\\/10\\\/Bavette.webp\",\"contentUrl\":\"https:\\\/\\\/negantigardi.lv\\\/wp-content\\\/uploads\\\/2024\\\/10\\\/Bavette.webp\",\"width\":1024,\"height\":683},{\"@type\":\"BreadcrumbList\",\"@id\":\"https:\\\/\\\/negantigardi.lv\\\/products\\\/liellopa-steiks-bavette-bio\\\/#breadcrumb\",\"itemListElement\":[{\"@type\":\"ListItem\",\"position\":1,\"name\":\"Home\",\"item\":\"https:\\\/\\\/negantigardi.lv\\\/\"},{\"@type\":\"ListItem\",\"position\":2,\"name\":\"Veikals\",\"item\":\"https:\\\/\\\/negantigardi.lv\\\/lv\\\/produkti\\\/\"},{\"@type\":\"ListItem\",\"position\":3,\"name\":\"Liellopa steiks Bavette BIO\"}]},{\"@type\":\"WebSite\",\"@id\":\"https:\\\/\\\/negantigardi.lv\\\/#website\",\"url\":\"https:\\\/\\\/negantigardi.lv\\\/\",\"name\":\"NEGANTIgardi\",\"description\":\"Ga\u013ca, Liellopa ga\u013ca, Biolo\u0123iska liellopa ga\u013ca, liellopa ga\u013ca receptes\",\"publisher\":{\"@id\":\"https:\\\/\\\/negantigardi.lv\\\/#organization\"},\"potentialAction\":[{\"@type\":\"SearchAction\",\"target\":{\"@type\":\"EntryPoint\",\"urlTemplate\":\"https:\\\/\\\/negantigardi.lv\\\/?s={search_term_string}\"},\"query-input\":{\"@type\":\"PropertyValueSpecification\",\"valueRequired\":true,\"valueName\":\"search_term_string\"}}],\"inLanguage\":\"lv-LV\"},{\"@type\":\"Organization\",\"@id\":\"https:\\\/\\\/negantigardi.lv\\\/#organization\",\"name\":\"NEGANTIgardi\",\"url\":\"https:\\\/\\\/negantigardi.lv\\\/\",\"logo\":{\"@type\":\"ImageObject\",\"inLanguage\":\"lv-LV\",\"@id\":\"https:\\\/\\\/negantigardi.lv\\\/#\\\/schema\\\/logo\\\/image\\\/\",\"url\":\"https:\\\/\\\/negantigardi.lv\\\/wp-content\\\/uploads\\\/2021\\\/01\\\/bilde-3.jpg\",\"contentUrl\":\"https:\\\/\\\/negantigardi.lv\\\/wp-content\\\/uploads\\\/2021\\\/01\\\/bilde-3.jpg\",\"width\":362,\"height\":362,\"caption\":\"NEGANTIgardi\"},\"image\":{\"@id\":\"https:\\\/\\\/negantigardi.lv\\\/#\\\/schema\\\/logo\\\/image\\\/\"},\"sameAs\":[\"https:\\\/\\\/www.facebook.com\\\/NEGANTIgardi-112194723538015\",\"https:\\\/\\\/www.instagram.com\\\/negantigardi\\\/\"]}]}<\/script>\n<!-- \/ Yoast SEO plugin. -->","yoast_head_json":{"title":"Liellopa steiks Bavette BIO - NEGANTIgardi","robots":{"index":"index","follow":"follow","max-snippet":"max-snippet:-1","max-image-preview":"max-image-preview:large","max-video-preview":"max-video-preview:-1"},"canonical":"https:\/\/negantigardi.lv\/lv\/products\/liellopa-steiks-bavette-bio\/","og_locale":"lv_LV","og_type":"article","og_title":"Liellopa steiks Bavette BIO - NEGANTIgardi","og_description":"Bavette steiks ir neapdzied\u0101ts liellopu ga\u013cas varonis. Bavette gabali\u0146i ir plakani, elast\u012bgi un bie\u017ei vien satur lielu musku\u013cu un tauku attiec\u012bbu. \u0160is tauku p\u0101rpiln\u012bba padara bavette \u013coti gar\u0161\u012bgu, k\u0101 ar\u012b viegli pagatavojamu. Svars ~ 500g. Pieg\u0101d\u0101jam sasald\u0113tu, sald\u0113ts \u0161oka sald\u0113tav\u0101.","og_url":"https:\/\/negantigardi.lv\/lv\/products\/liellopa-steiks-bavette-bio\/","og_site_name":"NEGANTIgardi","article_publisher":"https:\/\/www.facebook.com\/NEGANTIgardi-112194723538015","article_modified_time":"2026-04-22T15:03:19+00:00","og_image":[{"width":1024,"height":683,"url":"https:\/\/negantigardi.lv\/wp-content\/uploads\/2024\/10\/Bavette.webp","type":"image\/webp"}],"twitter_card":"summary_large_image","twitter_misc":{"Est. reading time":"1 min\u016bte"},"schema":{"@context":"https:\/\/schema.org","@graph":[{"@type":"WebPage","@id":"https:\/\/negantigardi.lv\/products\/liellopa-steiks-bavette-bio\/","url":"https:\/\/negantigardi.lv\/products\/liellopa-steiks-bavette-bio\/","name":"Liellopa steiks Bavette BIO - NEGANTIgardi","isPartOf":{"@id":"https:\/\/negantigardi.lv\/#website"},"primaryImageOfPage":{"@id":"https:\/\/negantigardi.lv\/products\/liellopa-steiks-bavette-bio\/#primaryimage"},"image":{"@id":"https:\/\/negantigardi.lv\/products\/liellopa-steiks-bavette-bio\/#primaryimage"},"thumbnailUrl":"https:\/\/negantigardi.lv\/wp-content\/uploads\/2024\/10\/Bavette.webp","datePublished":"2024-10-30T08:12:07+00:00","dateModified":"2026-04-22T15:03:19+00:00","breadcrumb":{"@id":"https:\/\/negantigardi.lv\/products\/liellopa-steiks-bavette-bio\/#breadcrumb"},"inLanguage":"lv-LV","potentialAction":[{"@type":"ReadAction","target":["https:\/\/negantigardi.lv\/products\/liellopa-steiks-bavette-bio\/"]}]},{"@type":"ImageObject","inLanguage":"lv-LV","@id":"https:\/\/negantigardi.lv\/products\/liellopa-steiks-bavette-bio\/#primaryimage","url":"https:\/\/negantigardi.lv\/wp-content\/uploads\/2024\/10\/Bavette.webp","contentUrl":"https:\/\/negantigardi.lv\/wp-content\/uploads\/2024\/10\/Bavette.webp","width":1024,"height":683},{"@type":"BreadcrumbList","@id":"https:\/\/negantigardi.lv\/products\/liellopa-steiks-bavette-bio\/#breadcrumb","itemListElement":[{"@type":"ListItem","position":1,"name":"Home","item":"https:\/\/negantigardi.lv\/"},{"@type":"ListItem","position":2,"name":"Veikals","item":"https:\/\/negantigardi.lv\/lv\/produkti\/"},{"@type":"ListItem","position":3,"name":"Liellopa steiks Bavette BIO"}]},{"@type":"WebSite","@id":"https:\/\/negantigardi.lv\/#website","url":"https:\/\/negantigardi.lv\/","name":"NEGANTIgardi","description":"Ga\u013ca, Liellopa ga\u013ca, Biolo\u0123iska liellopa ga\u013ca, liellopa ga\u013ca receptes","publisher":{"@id":"https:\/\/negantigardi.lv\/#organization"},"potentialAction":[{"@type":"SearchAction","target":{"@type":"EntryPoint","urlTemplate":"https:\/\/negantigardi.lv\/?s={search_term_string}"},"query-input":{"@type":"PropertyValueSpecification","valueRequired":true,"valueName":"search_term_string"}}],"inLanguage":"lv-LV"},{"@type":"Organization","@id":"https:\/\/negantigardi.lv\/#organization","name":"NEGANTIgardi","url":"https:\/\/negantigardi.lv\/","logo":{"@type":"ImageObject","inLanguage":"lv-LV","@id":"https:\/\/negantigardi.lv\/#\/schema\/logo\/image\/","url":"https:\/\/negantigardi.lv\/wp-content\/uploads\/2021\/01\/bilde-3.jpg","contentUrl":"https:\/\/negantigardi.lv\/wp-content\/uploads\/2021\/01\/bilde-3.jpg","width":362,"height":362,"caption":"NEGANTIgardi"},"image":{"@id":"https:\/\/negantigardi.lv\/#\/schema\/logo\/image\/"},"sameAs":["https:\/\/www.facebook.com\/NEGANTIgardi-112194723538015","https:\/\/www.instagram.com\/negantigardi\/"]}]}},"_links":{"self":[{"href":"https:\/\/negantigardi.lv\/lv\/wp-json\/wp\/v2\/product\/22639","targetHints":{"allow":["GET"]}}],"collection":[{"href":"https:\/\/negantigardi.lv\/lv\/wp-json\/wp\/v2\/product"}],"about":[{"href":"https:\/\/negantigardi.lv\/lv\/wp-json\/wp\/v2\/types\/product"}],"replies":[{"embeddable":true,"href":"https:\/\/negantigardi.lv\/lv\/wp-json\/wp\/v2\/comments?post=22639"}],"wp:featuredmedia":[{"embeddable":true,"href":"https:\/\/negantigardi.lv\/lv\/wp-json\/wp\/v2\/media\/26039"}],"wp:attachment":[{"href":"https:\/\/negantigardi.lv\/lv\/wp-json\/wp\/v2\/media?parent=22639"}],"wp:term":[{"taxonomy":"product_brand","embeddable":true,"href":"https:\/\/negantigardi.lv\/lv\/wp-json\/wp\/v2\/product_brand?post=22639"},{"taxonomy":"product_cat","embeddable":true,"href":"https:\/\/negantigardi.lv\/lv\/wp-json\/wp\/v2\/product_cat?post=22639"},{"taxonomy":"product_tag","embeddable":true,"href":"https:\/\/negantigardi.lv\/lv\/wp-json\/wp\/v2\/product_tag?post=22639"}],"curies":[{"name":"wp","href":"https:\/\/api.w.org\/{rel}","templated":true}]}}