{"id":23072,"date":"2025-01-30T23:46:04","date_gmt":"2025-01-30T20:46:04","guid":{"rendered":"https:\/\/negantigardi.lv\/?post_type=product&#038;p=23072"},"modified":"2026-04-21T12:18:05","modified_gmt":"2026-04-21T09:18:05","slug":"bio-liellopa-galas-chuck-steiks","status":"publish","type":"product","link":"https:\/\/negantigardi.lv\/lv\/products\/bio-liellopa-galas-chuck-steiks\/","title":{"rendered":"Liellopa ga\u013cas Chuck steiks BIO"},"content":{"rendered":"<p>Ra\u017eot\u0101js: <a href=\"https:\/\/negantigardi.lv\/lv\/product-category\/galas-produkti\/?filters=product_tag[252]\">NEGANTIgardi<\/a><\/p>\n","protected":false},"excerpt":{"rendered":"<p>Steiks no kakla karbon\u0101des. \u0160aj\u0101 maigaj\u0101 steik\u0101 (paz\u012bstams ar\u012b k\u0101 ran\u010do steiks) parasti ir maz\u0101k tauku nek\u0101 citos steikos, t\u0101p\u0113c gar\u0161a var b\u016bt nedaudz viegla. M\u0113\u0123iniet apsm\u0113r\u0113t \u0161o steiku ar ol\u012bve\u013c\u013cu, apkais\u012bt ar s\u0101li un pipariem un pievienot da\u017eus pamata gar\u0161augus, piem\u0113ram, oregano, lai izceltu gar\u0161u. \u0160is ir pl\u0101n\u0101ks steiks, t\u0101p\u0113c uzman\u012bgi to uzmaniet, lai nep\u0101rceptos. Viens gabals sver ~250-300g.<\/p>\n<p>&nbsp;<\/p>\n<p><span class=\"Y2IQFc\" lang=\"lv\">Pieg\u0101d\u0101jam sasald\u0113tu, sald\u0113ts \u0161oka sald\u0113tav\u0101.<\/span><\/p>\n","protected":false},"featured_media":23806,"comment_status":"open","ping_status":"closed","template":"","meta":{"wprm-recipe-roundup-name":"","wprm-recipe-roundup-description":"","ocean_post_layout":"","ocean_both_sidebars_style":"","ocean_both_sidebars_content_width":0,"ocean_both_sidebars_sidebars_width":0,"ocean_sidebar":"0","ocean_second_sidebar":"0","ocean_disable_margins":"enable","ocean_add_body_class":"","ocean_shortcode_before_top_bar":"","ocean_shortcode_after_top_bar":"","ocean_shortcode_before_header":"","ocean_shortcode_after_header":"","ocean_has_shortcode":"","ocean_shortcode_after_title":"","ocean_shortcode_before_footer_widgets":"","ocean_shortcode_after_footer_widgets":"","ocean_shortcode_before_footer_bottom":"","ocean_shortcode_after_footer_bottom":"","ocean_display_top_bar":"default","ocean_display_header":"default","ocean_header_style":"","ocean_center_header_left_menu":"0","ocean_custom_header_template":"0","ocean_custom_logo":0,"ocean_custom_retina_logo":0,"ocean_custom_logo_max_width":0,"ocean_custom_logo_tablet_max_width":0,"ocean_custom_logo_mobile_max_width":0,"ocean_custom_logo_max_height":0,"ocean_custom_logo_tablet_max_height":0,"ocean_custom_logo_mobile_max_height":0,"ocean_header_custom_menu":"0","ocean_menu_typo_font_family":"0","ocean_menu_typo_font_subset":"","ocean_menu_typo_font_size":0,"ocean_menu_typo_font_size_tablet":0,"ocean_menu_typo_font_size_mobile":0,"ocean_menu_typo_font_size_unit":"px","ocean_menu_typo_font_weight":"","ocean_menu_typo_font_weight_tablet":"","ocean_menu_typo_font_weight_mobile":"","ocean_menu_typo_transform":"","ocean_menu_typo_transform_tablet":"","ocean_menu_typo_transform_mobile":"","ocean_menu_typo_line_height":0,"ocean_menu_typo_line_height_tablet":0,"ocean_menu_typo_line_height_mobile":0,"ocean_menu_typo_line_height_unit":"","ocean_menu_typo_spacing":0,"ocean_menu_typo_spacing_tablet":0,"ocean_menu_typo_spacing_mobile":0,"ocean_menu_typo_spacing_unit":"","ocean_menu_link_color":"","ocean_menu_link_color_hover":"","ocean_menu_link_color_active":"","ocean_menu_link_background":"","ocean_menu_link_hover_background":"","ocean_menu_link_active_background":"","ocean_menu_social_links_bg":"","ocean_menu_social_hover_links_bg":"","ocean_menu_social_links_color":"","ocean_menu_social_hover_links_color":"","ocean_disable_title":"default","ocean_disable_heading":"default","ocean_post_title":"","ocean_post_subheading":"","ocean_post_title_style":"","ocean_post_title_background_color":"","ocean_post_title_background":0,"ocean_post_title_bg_image_position":"","ocean_post_title_bg_image_attachment":"","ocean_post_title_bg_image_repeat":"","ocean_post_title_bg_image_size":"","ocean_post_title_height":0,"ocean_post_title_bg_overlay":0.5,"ocean_post_title_bg_overlay_color":"","ocean_disable_breadcrumbs":"default","ocean_breadcrumbs_color":"","ocean_breadcrumbs_separator_color":"","ocean_breadcrumbs_links_color":"","ocean_breadcrumbs_links_hover_color":"","ocean_display_footer_widgets":"default","ocean_display_footer_bottom":"default","ocean_custom_footer_template":"0"},"product_brand":[],"product_cat":[641],"product_tag":[569,252],"class_list":{"0":"post-23072","1":"product","2":"type-product","3":"status-publish","4":"has-post-thumbnail","6":"product_cat-steiki","7":"product_tag-atri-saldets","8":"product_tag-negantigardi","10":"entry","11":"has-media","13":"first","14":"instock","15":"taxable","16":"shipping-taxable","17":"purchasable","18":"product-type-simple","19":"has-product-nav","20":"col","21":"span_1_of_3","22":"owp-content-center","23":"owp-thumbs-layout-horizontal","24":"owp-btn-normal","25":"owp-tabs-layout-horizontal","26":"has-no-thumbnails"},"raw_content":{"name":"Liellopa ga\u013cas Chuck steiks BIO","description":"Ra\u017eot\u0101js: <a href=\"https:\/\/negantigardi.lv\/lv\/product-category\/galas-produkti\/?filters=product_tag[252]\">NEGANTIgardi<\/a>","short_description":"Steiks no kakla karbon\u0101des. \u0160aj\u0101 maigaj\u0101 steik\u0101 (paz\u012bstams ar\u012b k\u0101 ran\u010do steiks) parasti ir maz\u0101k tauku nek\u0101 citos steikos, t\u0101p\u0113c gar\u0161a var b\u016bt nedaudz viegla. M\u0113\u0123iniet apsm\u0113r\u0113t \u0161o steiku ar ol\u012bve\u013c\u013cu, apkais\u012bt ar s\u0101li un pipariem un pievienot da\u017eus pamata gar\u0161augus, piem\u0113ram, oregano, lai izceltu gar\u0161u. \u0160is ir pl\u0101n\u0101ks steiks, t\u0101p\u0113c uzman\u012bgi to uzmaniet, lai nep\u0101rceptos. Viens gabals sver ~250-300g.\r\n\r\n&nbsp;\r\n\r\n<span class=\"Y2IQFc\" lang=\"lv\">Pieg\u0101d\u0101jam sasald\u0113tu, sald\u0113ts \u0161oka sald\u0113tav\u0101.<\/span>","status":"publish","sku":"2006","original":23072},"yoast_head":"<!-- This site is optimized with the Yoast SEO plugin v27.4 - https:\/\/yoast.com\/product\/yoast-seo-wordpress\/ -->\n<title>Liellopa ga\u013cas Chuck steiks BIO - NEGANTIgardi<\/title>\n<meta name=\"robots\" content=\"index, follow, max-snippet:-1, max-image-preview:large, max-video-preview:-1\" \/>\n<link rel=\"canonical\" href=\"https:\/\/negantigardi.lv\/lv\/products\/bio-liellopa-galas-chuck-steiks\/\" \/>\n<meta property=\"og:locale\" content=\"lv_LV\" \/>\n<meta property=\"og:type\" content=\"article\" \/>\n<meta property=\"og:title\" content=\"Liellopa ga\u013cas Chuck steiks BIO - NEGANTIgardi\" \/>\n<meta property=\"og:description\" content=\"Steiks no kakla karbon\u0101des. \u0160aj\u0101 maigaj\u0101 steik\u0101 (paz\u012bstams ar\u012b k\u0101 ran\u010do steiks) parasti ir maz\u0101k tauku nek\u0101 citos steikos, t\u0101p\u0113c gar\u0161a var b\u016bt nedaudz viegla. M\u0113\u0123iniet apsm\u0113r\u0113t \u0161o steiku ar ol\u012bve\u013c\u013cu, apkais\u012bt ar s\u0101li un pipariem un pievienot da\u017eus pamata gar\u0161augus, piem\u0113ram, oregano, lai izceltu gar\u0161u. \u0160is ir pl\u0101n\u0101ks steiks, t\u0101p\u0113c uzman\u012bgi to uzmaniet, lai nep\u0101rceptos. Viens gabals sver ~250-300g.  &nbsp;  Pieg\u0101d\u0101jam sasald\u0113tu, sald\u0113ts \u0161oka sald\u0113tav\u0101.\" \/>\n<meta property=\"og:url\" content=\"https:\/\/negantigardi.lv\/lv\/products\/bio-liellopa-galas-chuck-steiks\/\" \/>\n<meta property=\"og:site_name\" content=\"NEGANTIgardi\" \/>\n<meta property=\"article:publisher\" content=\"https:\/\/www.facebook.com\/NEGANTIgardi-112194723538015\" \/>\n<meta property=\"article:modified_time\" content=\"2026-04-21T09:18:05+00:00\" \/>\n<meta property=\"og:image\" content=\"https:\/\/negantigardi.lv\/wp-content\/uploads\/2025\/01\/WhatsApp-attels-2025-07-08-plkst.-12.29.42_cac47405.jpg\" \/>\n\t<meta property=\"og:image:width\" content=\"1600\" \/>\n\t<meta property=\"og:image:height\" content=\"1204\" \/>\n\t<meta property=\"og:image:type\" content=\"image\/jpeg\" \/>\n<meta name=\"twitter:card\" content=\"summary_large_image\" \/>\n<meta name=\"twitter:label1\" content=\"Est. reading time\" \/>\n\t<meta name=\"twitter:data1\" content=\"1 min\u016bte\" \/>\n<script type=\"application\/ld+json\" class=\"yoast-schema-graph\">{\"@context\":\"https:\\\/\\\/schema.org\",\"@graph\":[{\"@type\":\"WebPage\",\"@id\":\"https:\\\/\\\/negantigardi.lv\\\/products\\\/bio-liellopa-galas-chuck-steiks\\\/\",\"url\":\"https:\\\/\\\/negantigardi.lv\\\/products\\\/bio-liellopa-galas-chuck-steiks\\\/\",\"name\":\"Liellopa ga\u013cas Chuck steiks BIO - NEGANTIgardi\",\"isPartOf\":{\"@id\":\"https:\\\/\\\/negantigardi.lv\\\/#website\"},\"primaryImageOfPage\":{\"@id\":\"https:\\\/\\\/negantigardi.lv\\\/products\\\/bio-liellopa-galas-chuck-steiks\\\/#primaryimage\"},\"image\":{\"@id\":\"https:\\\/\\\/negantigardi.lv\\\/products\\\/bio-liellopa-galas-chuck-steiks\\\/#primaryimage\"},\"thumbnailUrl\":\"https:\\\/\\\/negantigardi.lv\\\/wp-content\\\/uploads\\\/2025\\\/01\\\/WhatsApp-attels-2025-07-08-plkst.-12.29.42_cac47405.jpg\",\"datePublished\":\"2025-01-30T20:46:04+00:00\",\"dateModified\":\"2026-04-21T09:18:05+00:00\",\"breadcrumb\":{\"@id\":\"https:\\\/\\\/negantigardi.lv\\\/products\\\/bio-liellopa-galas-chuck-steiks\\\/#breadcrumb\"},\"inLanguage\":\"lv-LV\",\"potentialAction\":[{\"@type\":\"ReadAction\",\"target\":[\"https:\\\/\\\/negantigardi.lv\\\/products\\\/bio-liellopa-galas-chuck-steiks\\\/\"]}]},{\"@type\":\"ImageObject\",\"inLanguage\":\"lv-LV\",\"@id\":\"https:\\\/\\\/negantigardi.lv\\\/products\\\/bio-liellopa-galas-chuck-steiks\\\/#primaryimage\",\"url\":\"https:\\\/\\\/negantigardi.lv\\\/wp-content\\\/uploads\\\/2025\\\/01\\\/WhatsApp-attels-2025-07-08-plkst.-12.29.42_cac47405.jpg\",\"contentUrl\":\"https:\\\/\\\/negantigardi.lv\\\/wp-content\\\/uploads\\\/2025\\\/01\\\/WhatsApp-attels-2025-07-08-plkst.-12.29.42_cac47405.jpg\",\"width\":1600,\"height\":1204},{\"@type\":\"BreadcrumbList\",\"@id\":\"https:\\\/\\\/negantigardi.lv\\\/products\\\/bio-liellopa-galas-chuck-steiks\\\/#breadcrumb\",\"itemListElement\":[{\"@type\":\"ListItem\",\"position\":1,\"name\":\"Home\",\"item\":\"https:\\\/\\\/negantigardi.lv\\\/\"},{\"@type\":\"ListItem\",\"position\":2,\"name\":\"Veikals\",\"item\":\"https:\\\/\\\/negantigardi.lv\\\/lv\\\/produkti\\\/\"},{\"@type\":\"ListItem\",\"position\":3,\"name\":\"Liellopa ga\u013cas Chuck steiks BIO\"}]},{\"@type\":\"WebSite\",\"@id\":\"https:\\\/\\\/negantigardi.lv\\\/#website\",\"url\":\"https:\\\/\\\/negantigardi.lv\\\/\",\"name\":\"NEGANTIgardi\",\"description\":\"Ga\u013ca, Liellopa ga\u013ca, Biolo\u0123iska liellopa ga\u013ca, liellopa ga\u013ca receptes\",\"publisher\":{\"@id\":\"https:\\\/\\\/negantigardi.lv\\\/#organization\"},\"potentialAction\":[{\"@type\":\"SearchAction\",\"target\":{\"@type\":\"EntryPoint\",\"urlTemplate\":\"https:\\\/\\\/negantigardi.lv\\\/?s={search_term_string}\"},\"query-input\":{\"@type\":\"PropertyValueSpecification\",\"valueRequired\":true,\"valueName\":\"search_term_string\"}}],\"inLanguage\":\"lv-LV\"},{\"@type\":\"Organization\",\"@id\":\"https:\\\/\\\/negantigardi.lv\\\/#organization\",\"name\":\"NEGANTIgardi\",\"url\":\"https:\\\/\\\/negantigardi.lv\\\/\",\"logo\":{\"@type\":\"ImageObject\",\"inLanguage\":\"lv-LV\",\"@id\":\"https:\\\/\\\/negantigardi.lv\\\/#\\\/schema\\\/logo\\\/image\\\/\",\"url\":\"https:\\\/\\\/negantigardi.lv\\\/wp-content\\\/uploads\\\/2021\\\/01\\\/bilde-3.jpg\",\"contentUrl\":\"https:\\\/\\\/negantigardi.lv\\\/wp-content\\\/uploads\\\/2021\\\/01\\\/bilde-3.jpg\",\"width\":362,\"height\":362,\"caption\":\"NEGANTIgardi\"},\"image\":{\"@id\":\"https:\\\/\\\/negantigardi.lv\\\/#\\\/schema\\\/logo\\\/image\\\/\"},\"sameAs\":[\"https:\\\/\\\/www.facebook.com\\\/NEGANTIgardi-112194723538015\",\"https:\\\/\\\/www.instagram.com\\\/negantigardi\\\/\"]}]}<\/script>\n<!-- \/ Yoast SEO plugin. -->","yoast_head_json":{"title":"Liellopa ga\u013cas Chuck steiks BIO - NEGANTIgardi","robots":{"index":"index","follow":"follow","max-snippet":"max-snippet:-1","max-image-preview":"max-image-preview:large","max-video-preview":"max-video-preview:-1"},"canonical":"https:\/\/negantigardi.lv\/lv\/products\/bio-liellopa-galas-chuck-steiks\/","og_locale":"lv_LV","og_type":"article","og_title":"Liellopa ga\u013cas Chuck steiks BIO - NEGANTIgardi","og_description":"Steiks no kakla karbon\u0101des. \u0160aj\u0101 maigaj\u0101 steik\u0101 (paz\u012bstams ar\u012b k\u0101 ran\u010do steiks) parasti ir maz\u0101k tauku nek\u0101 citos steikos, t\u0101p\u0113c gar\u0161a var b\u016bt nedaudz viegla. M\u0113\u0123iniet apsm\u0113r\u0113t \u0161o steiku ar ol\u012bve\u013c\u013cu, apkais\u012bt ar s\u0101li un pipariem un pievienot da\u017eus pamata gar\u0161augus, piem\u0113ram, oregano, lai izceltu gar\u0161u. \u0160is ir pl\u0101n\u0101ks steiks, t\u0101p\u0113c uzman\u012bgi to uzmaniet, lai nep\u0101rceptos. Viens gabals sver ~250-300g.  &nbsp;  Pieg\u0101d\u0101jam sasald\u0113tu, sald\u0113ts \u0161oka sald\u0113tav\u0101.","og_url":"https:\/\/negantigardi.lv\/lv\/products\/bio-liellopa-galas-chuck-steiks\/","og_site_name":"NEGANTIgardi","article_publisher":"https:\/\/www.facebook.com\/NEGANTIgardi-112194723538015","article_modified_time":"2026-04-21T09:18:05+00:00","og_image":[{"width":1600,"height":1204,"url":"https:\/\/negantigardi.lv\/wp-content\/uploads\/2025\/01\/WhatsApp-attels-2025-07-08-plkst.-12.29.42_cac47405.jpg","type":"image\/jpeg"}],"twitter_card":"summary_large_image","twitter_misc":{"Est. reading time":"1 min\u016bte"},"schema":{"@context":"https:\/\/schema.org","@graph":[{"@type":"WebPage","@id":"https:\/\/negantigardi.lv\/products\/bio-liellopa-galas-chuck-steiks\/","url":"https:\/\/negantigardi.lv\/products\/bio-liellopa-galas-chuck-steiks\/","name":"Liellopa ga\u013cas Chuck steiks BIO - NEGANTIgardi","isPartOf":{"@id":"https:\/\/negantigardi.lv\/#website"},"primaryImageOfPage":{"@id":"https:\/\/negantigardi.lv\/products\/bio-liellopa-galas-chuck-steiks\/#primaryimage"},"image":{"@id":"https:\/\/negantigardi.lv\/products\/bio-liellopa-galas-chuck-steiks\/#primaryimage"},"thumbnailUrl":"https:\/\/negantigardi.lv\/wp-content\/uploads\/2025\/01\/WhatsApp-attels-2025-07-08-plkst.-12.29.42_cac47405.jpg","datePublished":"2025-01-30T20:46:04+00:00","dateModified":"2026-04-21T09:18:05+00:00","breadcrumb":{"@id":"https:\/\/negantigardi.lv\/products\/bio-liellopa-galas-chuck-steiks\/#breadcrumb"},"inLanguage":"lv-LV","potentialAction":[{"@type":"ReadAction","target":["https:\/\/negantigardi.lv\/products\/bio-liellopa-galas-chuck-steiks\/"]}]},{"@type":"ImageObject","inLanguage":"lv-LV","@id":"https:\/\/negantigardi.lv\/products\/bio-liellopa-galas-chuck-steiks\/#primaryimage","url":"https:\/\/negantigardi.lv\/wp-content\/uploads\/2025\/01\/WhatsApp-attels-2025-07-08-plkst.-12.29.42_cac47405.jpg","contentUrl":"https:\/\/negantigardi.lv\/wp-content\/uploads\/2025\/01\/WhatsApp-attels-2025-07-08-plkst.-12.29.42_cac47405.jpg","width":1600,"height":1204},{"@type":"BreadcrumbList","@id":"https:\/\/negantigardi.lv\/products\/bio-liellopa-galas-chuck-steiks\/#breadcrumb","itemListElement":[{"@type":"ListItem","position":1,"name":"Home","item":"https:\/\/negantigardi.lv\/"},{"@type":"ListItem","position":2,"name":"Veikals","item":"https:\/\/negantigardi.lv\/lv\/produkti\/"},{"@type":"ListItem","position":3,"name":"Liellopa ga\u013cas Chuck steiks BIO"}]},{"@type":"WebSite","@id":"https:\/\/negantigardi.lv\/#website","url":"https:\/\/negantigardi.lv\/","name":"NEGANTIgardi","description":"Ga\u013ca, Liellopa ga\u013ca, Biolo\u0123iska liellopa ga\u013ca, liellopa ga\u013ca receptes","publisher":{"@id":"https:\/\/negantigardi.lv\/#organization"},"potentialAction":[{"@type":"SearchAction","target":{"@type":"EntryPoint","urlTemplate":"https:\/\/negantigardi.lv\/?s={search_term_string}"},"query-input":{"@type":"PropertyValueSpecification","valueRequired":true,"valueName":"search_term_string"}}],"inLanguage":"lv-LV"},{"@type":"Organization","@id":"https:\/\/negantigardi.lv\/#organization","name":"NEGANTIgardi","url":"https:\/\/negantigardi.lv\/","logo":{"@type":"ImageObject","inLanguage":"lv-LV","@id":"https:\/\/negantigardi.lv\/#\/schema\/logo\/image\/","url":"https:\/\/negantigardi.lv\/wp-content\/uploads\/2021\/01\/bilde-3.jpg","contentUrl":"https:\/\/negantigardi.lv\/wp-content\/uploads\/2021\/01\/bilde-3.jpg","width":362,"height":362,"caption":"NEGANTIgardi"},"image":{"@id":"https:\/\/negantigardi.lv\/#\/schema\/logo\/image\/"},"sameAs":["https:\/\/www.facebook.com\/NEGANTIgardi-112194723538015","https:\/\/www.instagram.com\/negantigardi\/"]}]}},"_links":{"self":[{"href":"https:\/\/negantigardi.lv\/lv\/wp-json\/wp\/v2\/product\/23072","targetHints":{"allow":["GET"]}}],"collection":[{"href":"https:\/\/negantigardi.lv\/lv\/wp-json\/wp\/v2\/product"}],"about":[{"href":"https:\/\/negantigardi.lv\/lv\/wp-json\/wp\/v2\/types\/product"}],"replies":[{"embeddable":true,"href":"https:\/\/negantigardi.lv\/lv\/wp-json\/wp\/v2\/comments?post=23072"}],"wp:featuredmedia":[{"embeddable":true,"href":"https:\/\/negantigardi.lv\/lv\/wp-json\/wp\/v2\/media\/23806"}],"wp:attachment":[{"href":"https:\/\/negantigardi.lv\/lv\/wp-json\/wp\/v2\/media?parent=23072"}],"wp:term":[{"taxonomy":"product_brand","embeddable":true,"href":"https:\/\/negantigardi.lv\/lv\/wp-json\/wp\/v2\/product_brand?post=23072"},{"taxonomy":"product_cat","embeddable":true,"href":"https:\/\/negantigardi.lv\/lv\/wp-json\/wp\/v2\/product_cat?post=23072"},{"taxonomy":"product_tag","embeddable":true,"href":"https:\/\/negantigardi.lv\/lv\/wp-json\/wp\/v2\/product_tag?post=23072"}],"curies":[{"name":"wp","href":"https:\/\/api.w.org\/{rel}","templated":true}]}}